{"id":8940,"date":"2020-09-10T15:29:07","date_gmt":"2020-09-10T18:29:07","guid":{"rendered":"http:\/\/platinumatlanticrealty.com\/dev\/faca-parte-da-nossa-equipe\/"},"modified":"2022-07-15T15:24:43","modified_gmt":"2022-07-15T18:24:43","slug":"faca-parte-da-nossa-equipe","status":"publish","type":"page","link":"https:\/\/platinumatlanticrealty.com\/pt-br\/faca-parte-da-nossa-equipe\/","title":{"rendered":"Fa\u00e7a Parte da Nossa Equipe"},"content":{"rendered":"<div class=\"gb-container gb-container-77cf4c44\"><div class=\"gb-inside-container\">\n\n<p>Voc\u00ea est\u00e1 procurando um lugar para crescer como um agente? Um lugar sem taxas mensais para agentes? Um lugar que ajuda voc\u00ea a atingir seus objetivos? Se voc\u00ea respondeu \u201csim\u201d, ent\u00e3o Platinum Realty \u00e9 uma equipe para voc\u00ea. Entre em contato conosco hoje.<\/p>\n\n\n\n<p><strong><a href=\"mailto:info@platinumatlanticrealty.com\">N\u00e3o quer preencher um formul\u00e1rio? Clique aqui para nos enviar um e-mail<\/a><\/strong>.<\/p>\n\n\n<div class=\"wpforms-container wpforms-container-full wpforms-block\" id=\"wpforms-5978\"><form id=\"wpforms-form-5978\" class=\"wpforms-validate wpforms-form\" data-formid=\"5978\" method=\"post\" enctype=\"multipart\/form-data\" action=\"\/pt-br\/wp-json\/wp\/v2\/pages\/8940\" data-token=\"7586fa15265d7b9fa59a2b6da3786b50\" data-token-time=\"1777755093\"><noscript class=\"wpforms-error-noscript\">Ative o JavaScript no seu navegador para preencher este formul\u00e1rio.<\/noscript><div class=\"wpforms-field-container\"><div id=\"wpforms-5978-field_0-container\" class=\"wpforms-field wpforms-field-name\" data-field-id=\"0\"><label class=\"wpforms-field-label\">Nome <span class=\"wpforms-required-label\">*<\/span><\/label><div class=\"wpforms-field-row wpforms-field-large\"><div class=\"wpforms-field-row-block wpforms-first wpforms-one-half\"><input type=\"text\" id=\"wpforms-5978-field_0\" class=\"wpforms-field-name-first wpforms-field-required\" name=\"wpforms[fields][0][first]\" required><label for=\"wpforms-5978-field_0\" class=\"wpforms-field-sublabel after\">Nome<\/label><\/div><div class=\"wpforms-field-row-block wpforms-one-half\"><input type=\"text\" id=\"wpforms-5978-field_0-last\" class=\"wpforms-field-name-last wpforms-field-required\" name=\"wpforms[fields][0][last]\" required><label for=\"wpforms-5978-field_0-last\" class=\"wpforms-field-sublabel after\">Sobrenome<\/label><\/div><\/div><\/div><div id=\"wpforms-5978-field_1-container\" class=\"wpforms-field wpforms-field-email\" data-field-id=\"1\"><label class=\"wpforms-field-label\" for=\"wpforms-5978-field_1\">Email <span class=\"wpforms-required-label\">*<\/span><\/label><input type=\"email\" id=\"wpforms-5978-field_1\" class=\"wpforms-field-large wpforms-field-required\" name=\"wpforms[fields][1]\" spellcheck=\"false\" required><\/div><\/div><!-- .wpforms-field-container --><div class=\"wpforms-field wpforms-field-hp\"><label for=\"wpforms-5978-field-hp\" class=\"wpforms-field-label\">Website<\/label><input type=\"text\" name=\"wpforms[hp]\" id=\"wpforms-5978-field-hp\" class=\"wpforms-field-medium\"><\/div><div class=\"wpforms-submit-container\" ><input type=\"hidden\" name=\"wpforms[id]\" value=\"5978\"><input type=\"hidden\" name=\"page_title\" value=\"\"><input type=\"hidden\" name=\"page_url\" value=\"https:\/\/platinumatlanticrealty.com\/pt-br\/wp-json\/wp\/v2\/pages\/8940\"><input type=\"hidden\" name=\"url_referer\" value=\"\"><button type=\"submit\" name=\"wpforms[submit]\" id=\"wpforms-submit-5978\" class=\"wpforms-submit\" data-alt-text=\"Enviando...\" data-submit-text=\"Mandar\" aria-live=\"assertive\" value=\"wpforms-submit\">Mandar<\/button><\/div><\/form><\/div>  <!-- .wpforms-container -->\n<\/div><\/div>","protected":false},"excerpt":{"rendered":"<p>Voc\u00ea est\u00e1 procurando um lugar para crescer como um agente? Um lugar sem taxas mensais para agentes? Um lugar que ajuda voc\u00ea a atingir seus objetivos? Se voc\u00ea respondeu \u201csim\u201d, ent\u00e3o Platinum Realty \u00e9 uma equipe para voc\u00ea. Entre em contato conosco hoje. N\u00e3o quer preencher um formul\u00e1rio? Clique aqui para nos enviar um e-mail.<\/p>\n","protected":false},"author":1,"featured_media":25026,"parent":0,"menu_order":0,"comment_status":"closed","ping_status":"closed","template":"","meta":{"footnotes":""},"class_list":["post-8940","page","type-page","status-publish","has-post-thumbnail"],"yoast_head":"<!-- This site is optimized with the Yoast SEO plugin v27.4 - https:\/\/yoast.com\/product\/yoast-seo-wordpress\/ -->\n<title>Fa\u00e7a Parte da Nossa Equipe - Platinum Atlantic Realty<\/title>\n<meta name=\"robots\" content=\"index, follow, max-snippet:-1, max-image-preview:large, max-video-preview:-1\" \/>\n<link rel=\"canonical\" href=\"https:\/\/platinumatlanticrealty.com\/pt-br\/faca-parte-da-nossa-equipe\/\" \/>\n<meta property=\"og:locale\" content=\"pt_BR\" \/>\n<meta property=\"og:type\" content=\"article\" \/>\n<meta property=\"og:title\" content=\"Fa\u00e7a Parte da Nossa Equipe - Platinum Atlantic Realty\" \/>\n<meta property=\"og:description\" content=\"Voc\u00ea est\u00e1 procurando um lugar para crescer como um agente? Um lugar sem taxas mensais para agentes? Um lugar que ajuda voc\u00ea a atingir seus objetivos? Se voc\u00ea respondeu \u201csim\u201d, ent\u00e3o Platinum Realty \u00e9 uma equipe para voc\u00ea. Entre em contato conosco hoje. N\u00e3o quer preencher um formul\u00e1rio? Clique aqui para nos enviar um e-mail.\" \/>\n<meta property=\"og:url\" content=\"https:\/\/platinumatlanticrealty.com\/pt-br\/faca-parte-da-nossa-equipe\/\" \/>\n<meta property=\"og:site_name\" content=\"Platinum Atlantic Realty\" \/>\n<meta property=\"article:publisher\" content=\"https:\/\/www.facebook.com\/pg\/PlatinumAtlanticRealty\" \/>\n<meta property=\"article:modified_time\" content=\"2022-07-15T18:24:43+00:00\" \/>\n<meta property=\"og:image\" content=\"https:\/\/platinumatlanticrealty.com\/wp-content\/uploads\/2022\/06\/PAR_18380.jpg\" \/>\n\t<meta property=\"og:image:width\" content=\"1860\" \/>\n\t<meta property=\"og:image:height\" content=\"920\" \/>\n\t<meta property=\"og:image:type\" content=\"image\/jpeg\" \/>\n<meta name=\"twitter:card\" content=\"summary_large_image\" \/>\n<meta name=\"twitter:site\" content=\"@platinumarealty\" \/>\n<script type=\"application\/ld+json\" class=\"yoast-schema-graph\">{\"@context\":\"https:\\\/\\\/schema.org\",\"@graph\":[{\"@type\":\"WebPage\",\"@id\":\"https:\\\/\\\/platinumatlanticrealty.com\\\/pt-br\\\/faca-parte-da-nossa-equipe\\\/\",\"url\":\"https:\\\/\\\/platinumatlanticrealty.com\\\/pt-br\\\/faca-parte-da-nossa-equipe\\\/\",\"name\":\"Fa\u00e7a Parte da Nossa Equipe - Platinum Atlantic Realty\",\"isPartOf\":{\"@id\":\"https:\\\/\\\/platinumatlanticrealty.com\\\/pt-br\\\/#website\"},\"primaryImageOfPage\":{\"@id\":\"https:\\\/\\\/platinumatlanticrealty.com\\\/pt-br\\\/faca-parte-da-nossa-equipe\\\/#primaryimage\"},\"image\":{\"@id\":\"https:\\\/\\\/platinumatlanticrealty.com\\\/pt-br\\\/faca-parte-da-nossa-equipe\\\/#primaryimage\"},\"thumbnailUrl\":\"https:\\\/\\\/platinumatlanticrealty.com\\\/wp-content\\\/uploads\\\/2022\\\/06\\\/PAR_18380.jpg\",\"datePublished\":\"2020-09-10T18:29:07+00:00\",\"dateModified\":\"2022-07-15T18:24:43+00:00\",\"breadcrumb\":{\"@id\":\"https:\\\/\\\/platinumatlanticrealty.com\\\/pt-br\\\/faca-parte-da-nossa-equipe\\\/#breadcrumb\"},\"inLanguage\":\"pt-BR\",\"potentialAction\":[{\"@type\":\"ReadAction\",\"target\":[\"https:\\\/\\\/platinumatlanticrealty.com\\\/pt-br\\\/faca-parte-da-nossa-equipe\\\/\"]}]},{\"@type\":\"ImageObject\",\"inLanguage\":\"pt-BR\",\"@id\":\"https:\\\/\\\/platinumatlanticrealty.com\\\/pt-br\\\/faca-parte-da-nossa-equipe\\\/#primaryimage\",\"url\":\"https:\\\/\\\/platinumatlanticrealty.com\\\/wp-content\\\/uploads\\\/2022\\\/06\\\/PAR_18380.jpg\",\"contentUrl\":\"https:\\\/\\\/platinumatlanticrealty.com\\\/wp-content\\\/uploads\\\/2022\\\/06\\\/PAR_18380.jpg\",\"width\":1860,\"height\":920},{\"@type\":\"BreadcrumbList\",\"@id\":\"https:\\\/\\\/platinumatlanticrealty.com\\\/pt-br\\\/faca-parte-da-nossa-equipe\\\/#breadcrumb\",\"itemListElement\":[{\"@type\":\"ListItem\",\"position\":1,\"name\":\"Home\",\"item\":\"https:\\\/\\\/platinumatlanticrealty.com\\\/pt-br\\\/\"},{\"@type\":\"ListItem\",\"position\":2,\"name\":\"Fa\u00e7a Parte da Nossa Equipe\"}]},{\"@type\":\"WebSite\",\"@id\":\"https:\\\/\\\/platinumatlanticrealty.com\\\/pt-br\\\/#website\",\"url\":\"https:\\\/\\\/platinumatlanticrealty.com\\\/pt-br\\\/\",\"name\":\"Platinum Atlantic Realty\",\"description\":\"The Platinum Difference\",\"publisher\":{\"@id\":\"https:\\\/\\\/platinumatlanticrealty.com\\\/pt-br\\\/#organization\"},\"potentialAction\":[{\"@type\":\"SearchAction\",\"target\":{\"@type\":\"EntryPoint\",\"urlTemplate\":\"https:\\\/\\\/platinumatlanticrealty.com\\\/pt-br\\\/?s={search_term_string}\"},\"query-input\":{\"@type\":\"PropertyValueSpecification\",\"valueRequired\":true,\"valueName\":\"search_term_string\"}}],\"inLanguage\":\"pt-BR\"},{\"@type\":\"Organization\",\"@id\":\"https:\\\/\\\/platinumatlanticrealty.com\\\/pt-br\\\/#organization\",\"name\":\"Platinum Atlantic Realty\",\"url\":\"https:\\\/\\\/platinumatlanticrealty.com\\\/pt-br\\\/\",\"logo\":{\"@type\":\"ImageObject\",\"inLanguage\":\"pt-BR\",\"@id\":\"https:\\\/\\\/platinumatlanticrealty.com\\\/pt-br\\\/#\\\/schema\\\/logo\\\/image\\\/\",\"url\":\"http:\\\/\\\/platinumatlanticrealty.com\\\/wp-content\\\/uploads\\\/2020\\\/03\\\/platinum-logo-700x120-1.png\",\"contentUrl\":\"http:\\\/\\\/platinumatlanticrealty.com\\\/wp-content\\\/uploads\\\/2020\\\/03\\\/platinum-logo-700x120-1.png\",\"width\":700,\"height\":120,\"caption\":\"Platinum Atlantic Realty\"},\"image\":{\"@id\":\"https:\\\/\\\/platinumatlanticrealty.com\\\/pt-br\\\/#\\\/schema\\\/logo\\\/image\\\/\"},\"sameAs\":[\"https:\\\/\\\/www.facebook.com\\\/pg\\\/PlatinumAtlanticRealty\",\"https:\\\/\\\/x.com\\\/platinumarealty\"]}]}<\/script>\n<!-- \/ Yoast SEO plugin. -->","yoast_head_json":{"title":"Fa\u00e7a Parte da Nossa Equipe - Platinum Atlantic Realty","robots":{"index":"index","follow":"follow","max-snippet":"max-snippet:-1","max-image-preview":"max-image-preview:large","max-video-preview":"max-video-preview:-1"},"canonical":"https:\/\/platinumatlanticrealty.com\/pt-br\/faca-parte-da-nossa-equipe\/","og_locale":"pt_BR","og_type":"article","og_title":"Fa\u00e7a Parte da Nossa Equipe - Platinum Atlantic Realty","og_description":"Voc\u00ea est\u00e1 procurando um lugar para crescer como um agente? Um lugar sem taxas mensais para agentes? Um lugar que ajuda voc\u00ea a atingir seus objetivos? Se voc\u00ea respondeu \u201csim\u201d, ent\u00e3o Platinum Realty \u00e9 uma equipe para voc\u00ea. Entre em contato conosco hoje. N\u00e3o quer preencher um formul\u00e1rio? Clique aqui para nos enviar um e-mail.","og_url":"https:\/\/platinumatlanticrealty.com\/pt-br\/faca-parte-da-nossa-equipe\/","og_site_name":"Platinum Atlantic Realty","article_publisher":"https:\/\/www.facebook.com\/pg\/PlatinumAtlanticRealty","article_modified_time":"2022-07-15T18:24:43+00:00","og_image":[{"width":1860,"height":920,"url":"https:\/\/platinumatlanticrealty.com\/wp-content\/uploads\/2022\/06\/PAR_18380.jpg","type":"image\/jpeg"}],"twitter_card":"summary_large_image","twitter_site":"@platinumarealty","schema":{"@context":"https:\/\/schema.org","@graph":[{"@type":"WebPage","@id":"https:\/\/platinumatlanticrealty.com\/pt-br\/faca-parte-da-nossa-equipe\/","url":"https:\/\/platinumatlanticrealty.com\/pt-br\/faca-parte-da-nossa-equipe\/","name":"Fa\u00e7a Parte da Nossa Equipe - Platinum Atlantic Realty","isPartOf":{"@id":"https:\/\/platinumatlanticrealty.com\/pt-br\/#website"},"primaryImageOfPage":{"@id":"https:\/\/platinumatlanticrealty.com\/pt-br\/faca-parte-da-nossa-equipe\/#primaryimage"},"image":{"@id":"https:\/\/platinumatlanticrealty.com\/pt-br\/faca-parte-da-nossa-equipe\/#primaryimage"},"thumbnailUrl":"https:\/\/platinumatlanticrealty.com\/wp-content\/uploads\/2022\/06\/PAR_18380.jpg","datePublished":"2020-09-10T18:29:07+00:00","dateModified":"2022-07-15T18:24:43+00:00","breadcrumb":{"@id":"https:\/\/platinumatlanticrealty.com\/pt-br\/faca-parte-da-nossa-equipe\/#breadcrumb"},"inLanguage":"pt-BR","potentialAction":[{"@type":"ReadAction","target":["https:\/\/platinumatlanticrealty.com\/pt-br\/faca-parte-da-nossa-equipe\/"]}]},{"@type":"ImageObject","inLanguage":"pt-BR","@id":"https:\/\/platinumatlanticrealty.com\/pt-br\/faca-parte-da-nossa-equipe\/#primaryimage","url":"https:\/\/platinumatlanticrealty.com\/wp-content\/uploads\/2022\/06\/PAR_18380.jpg","contentUrl":"https:\/\/platinumatlanticrealty.com\/wp-content\/uploads\/2022\/06\/PAR_18380.jpg","width":1860,"height":920},{"@type":"BreadcrumbList","@id":"https:\/\/platinumatlanticrealty.com\/pt-br\/faca-parte-da-nossa-equipe\/#breadcrumb","itemListElement":[{"@type":"ListItem","position":1,"name":"Home","item":"https:\/\/platinumatlanticrealty.com\/pt-br\/"},{"@type":"ListItem","position":2,"name":"Fa\u00e7a Parte da Nossa Equipe"}]},{"@type":"WebSite","@id":"https:\/\/platinumatlanticrealty.com\/pt-br\/#website","url":"https:\/\/platinumatlanticrealty.com\/pt-br\/","name":"Platinum Atlantic Realty","description":"The Platinum Difference","publisher":{"@id":"https:\/\/platinumatlanticrealty.com\/pt-br\/#organization"},"potentialAction":[{"@type":"SearchAction","target":{"@type":"EntryPoint","urlTemplate":"https:\/\/platinumatlanticrealty.com\/pt-br\/?s={search_term_string}"},"query-input":{"@type":"PropertyValueSpecification","valueRequired":true,"valueName":"search_term_string"}}],"inLanguage":"pt-BR"},{"@type":"Organization","@id":"https:\/\/platinumatlanticrealty.com\/pt-br\/#organization","name":"Platinum Atlantic Realty","url":"https:\/\/platinumatlanticrealty.com\/pt-br\/","logo":{"@type":"ImageObject","inLanguage":"pt-BR","@id":"https:\/\/platinumatlanticrealty.com\/pt-br\/#\/schema\/logo\/image\/","url":"http:\/\/platinumatlanticrealty.com\/wp-content\/uploads\/2020\/03\/platinum-logo-700x120-1.png","contentUrl":"http:\/\/platinumatlanticrealty.com\/wp-content\/uploads\/2020\/03\/platinum-logo-700x120-1.png","width":700,"height":120,"caption":"Platinum Atlantic Realty"},"image":{"@id":"https:\/\/platinumatlanticrealty.com\/pt-br\/#\/schema\/logo\/image\/"},"sameAs":["https:\/\/www.facebook.com\/pg\/PlatinumAtlanticRealty","https:\/\/x.com\/platinumarealty"]}]}},"_links":{"self":[{"href":"https:\/\/platinumatlanticrealty.com\/pt-br\/wp-json\/wp\/v2\/pages\/8940","targetHints":{"allow":["GET"]}}],"collection":[{"href":"https:\/\/platinumatlanticrealty.com\/pt-br\/wp-json\/wp\/v2\/pages"}],"about":[{"href":"https:\/\/platinumatlanticrealty.com\/pt-br\/wp-json\/wp\/v2\/types\/page"}],"author":[{"embeddable":true,"href":"https:\/\/platinumatlanticrealty.com\/pt-br\/wp-json\/wp\/v2\/users\/1"}],"replies":[{"embeddable":true,"href":"https:\/\/platinumatlanticrealty.com\/pt-br\/wp-json\/wp\/v2\/comments?post=8940"}],"version-history":[{"count":2,"href":"https:\/\/platinumatlanticrealty.com\/pt-br\/wp-json\/wp\/v2\/pages\/8940\/revisions"}],"predecessor-version":[{"id":26230,"href":"https:\/\/platinumatlanticrealty.com\/pt-br\/wp-json\/wp\/v2\/pages\/8940\/revisions\/26230"}],"wp:featuredmedia":[{"embeddable":true,"href":"https:\/\/platinumatlanticrealty.com\/pt-br\/wp-json\/wp\/v2\/media\/25026"}],"wp:attachment":[{"href":"https:\/\/platinumatlanticrealty.com\/pt-br\/wp-json\/wp\/v2\/media?parent=8940"}],"curies":[{"name":"wp","href":"https:\/\/api.w.org\/{rel}","templated":true}]}}