{"id":8930,"date":"2020-09-10T15:25:09","date_gmt":"2020-09-10T18:25:09","guid":{"rendered":"http:\/\/platinumatlanticrealty.com\/dev\/comprando-ou-vendendo\/"},"modified":"2022-07-26T10:36:05","modified_gmt":"2022-07-26T13:36:05","slug":"comprando-ou-vendendo","status":"publish","type":"page","link":"https:\/\/platinumatlanticrealty.com\/pt-br\/comprando-ou-vendendo\/","title":{"rendered":"Nossos servi\u00e7os"},"content":{"rendered":"<div class=\"gb-container gb-container-2e9645f4\"><div class=\"gb-inside-container\">\n\n<p>Os agentes Platinum s\u00e3o treinados para ouvir suas necessidades e desejos e ajud\u00e1-lo a encontrar a casa mais adequada para voc\u00ea ou a vender sua casa com o maior retorno poss\u00edvel. A principal vantagem que voc\u00ea recebe quando trabalha com a Platinum Realty \u00e9 a integridade. Nossa equipe possui amplo conhecimento do mercado e faz sua li\u00e7\u00e3o de casa.<\/p>\n\n\n\n<p>N\u00f3s ajudaremos voc\u00ea a vender sua casa ou a encontrar a casa dos seus sonhos de forma r\u00e1pida e sem estresse. Comprar uma propriedade \u00e9 uma das mais importantes decis\u00f5es e emocionantes aventuras da vida. Explicaremos o processo de compra para que voc\u00ea esteja bem informado antes de tomar essa grande decis\u00e3o e tamb\u00e9m lhe conduziremos, passo a passo, no processo de como preparar sua casa para a venda.<\/p>\n\n\n\n<h2 class=\"gb-headline gb-headline-ee6ab7dd gb-headline-text\">Nossos parceiros\r\n<\/h2>\r\n\n\n\n<p>Somos mais do que apenas mais uma empresa imobili\u00e1ria; somos parceiros de nossos clientes do in\u00edcio ao fim quando se trata de alcan\u00e7ar seus objetivos imobili\u00e1rios &#8211; e podemos fazer tudo acontecer sob o mesmo teto.<\/p>\n\n<\/div><\/div><div class=\"gb-container gb-container-68a4f2d6\"><div class=\"gb-inside-container\">\n<div class=\"gb-grid-wrapper gb-grid-wrapper-30b082a6\">\n<div class=\"gb-grid-column gb-grid-column-451b35a8\"><div class=\"gb-container gb-container-451b35a8\"><div class=\"gb-inside-container\">\n\n<figure class=\"gb-block-image gb-block-image-adc40faa\"><a href=\"https:\/\/www.casahouse.ca\" target=\"_blank\" rel=\"noopener noreferrer\"><img loading=\"lazy\" decoding=\"async\" width=\"150\" height=\"32\" class=\"gb-image gb-image-adc40faa\" src=\"http:\/\/platinumatlanticrealty.com\/wp-content\/uploads\/2020\/06\/Casa-Homes-Logo-e1591980570395.png\" alt=\"\" title=\"Casa Homes Logo\"\/><\/a><\/figure>\r\n\n\n\n<p class=\"gb-headline gb-headline-3419c26f gb-headline-text\">Procurando construir a casa dos seus sonhos em vez de comprar? Nossos clientes t\u00eam acesso imediato \u00e0 nossa equipe interna de constru\u00e7\u00e3o de resid\u00eancias, CASA House. CASA House pertence e \u00e9 administrada pelo membro de nossa equipe Jesus Machado.<\/p>\r\n\n\n\n<p class=\"gb-headline gb-headline-7eaa4387 gb-headline-text\"><a href=\"https:\/\/www.casahouse.ca\" target=\"_blank\" rel=\"noreferrer noopener\">www.casahouse.ca<\/a><\/p>\r\n\n<\/div><\/div><\/div>\n\n<div class=\"gb-grid-column gb-grid-column-b71a0d58\"><div class=\"gb-container gb-container-b71a0d58\"><div class=\"gb-inside-container\">\n\n<figure class=\"gb-block-image gb-block-image-8ad7de32\"><a href=\"https:\/\/www.collierscanada.com\/en-ca\/canada\/cities\/moncton\" target=\"_blank\" rel=\"noopener noreferrer\"><img loading=\"lazy\" decoding=\"async\" width=\"150\" height=\"86\" class=\"gb-image gb-image-8ad7de32\" src=\"http:\/\/platinumatlanticrealty.com\/wp-content\/uploads\/2020\/06\/ColliersNB-Logo-e1591980591764.png\" alt=\"\" title=\"ColliersNB Logo\"\/><\/a><\/figure>\r\n\n\n\n<p class=\"gb-headline gb-headline-61e6644b gb-headline-text\">N\u00f3s tamb\u00e9m trabalhamos juntamente com nossa equipe interna de im\u00f3veis comerciais, Colliers International New Brunswick, para satisfazer quaisquer necessidades de propriedades comerciais que possam surgir para nossos clientes.<\/p>\r\n\n\n\n<p class=\"gb-headline gb-headline-1240f595 gb-headline-text\"><a rel=\"noreferrer noopener\" href=\"https:\/\/www.collierscanada.com\/en-ca\/canada\/cities\/moncton\" target=\"_blank\">www.collierscanada.com<\/a><\/p>\r\n\n<\/div><\/div><\/div>\n<\/div>\n<\/div><\/div><div class=\"gb-container gb-container-77cf4c44\"><div class=\"gb-inside-container\">\n\n<h2 class=\"gb-headline gb-headline-7d22c165 gb-headline-text\">Contate-nos<\/h2>\r\n\n\n\n<p><strong><a href=\"mailto:info@platinumatlanticrealty.com\">N\u00e3o quer preencher um formul\u00e1rio? Clique aqui para nos enviar um e-mail.<\/a><\/strong>.<\/p>\n\n\n<div class=\"wpforms-container wpforms-container-full wpforms-block\" id=\"wpforms-5978\"><form id=\"wpforms-form-5978\" class=\"wpforms-validate wpforms-form\" data-formid=\"5978\" method=\"post\" enctype=\"multipart\/form-data\" action=\"\/pt-br\/wp-json\/wp\/v2\/pages\/8930\" data-token=\"7586fa15265d7b9fa59a2b6da3786b50\" data-token-time=\"1777750311\"><noscript class=\"wpforms-error-noscript\">Ative o JavaScript no seu navegador para preencher este formul\u00e1rio.<\/noscript><div class=\"wpforms-field-container\"><div id=\"wpforms-5978-field_0-container\" class=\"wpforms-field wpforms-field-name\" data-field-id=\"0\"><label class=\"wpforms-field-label\">Nome <span class=\"wpforms-required-label\">*<\/span><\/label><div class=\"wpforms-field-row wpforms-field-large\"><div class=\"wpforms-field-row-block wpforms-first wpforms-one-half\"><input type=\"text\" id=\"wpforms-5978-field_0\" class=\"wpforms-field-name-first wpforms-field-required\" name=\"wpforms[fields][0][first]\" required><label for=\"wpforms-5978-field_0\" class=\"wpforms-field-sublabel after\">Nome<\/label><\/div><div class=\"wpforms-field-row-block wpforms-one-half\"><input type=\"text\" id=\"wpforms-5978-field_0-last\" class=\"wpforms-field-name-last wpforms-field-required\" name=\"wpforms[fields][0][last]\" required><label for=\"wpforms-5978-field_0-last\" class=\"wpforms-field-sublabel after\">Sobrenome<\/label><\/div><\/div><\/div><div id=\"wpforms-5978-field_1-container\" class=\"wpforms-field wpforms-field-email\" data-field-id=\"1\"><label class=\"wpforms-field-label\" for=\"wpforms-5978-field_1\">Email <span class=\"wpforms-required-label\">*<\/span><\/label><input type=\"email\" id=\"wpforms-5978-field_1\" class=\"wpforms-field-large wpforms-field-required\" name=\"wpforms[fields][1]\" spellcheck=\"false\" required><\/div><\/div><!-- .wpforms-field-container --><div class=\"wpforms-field wpforms-field-hp\"><label for=\"wpforms-5978-field-hp\" class=\"wpforms-field-label\">Website<\/label><input type=\"text\" name=\"wpforms[hp]\" id=\"wpforms-5978-field-hp\" class=\"wpforms-field-medium\"><\/div><div class=\"wpforms-submit-container\" ><input type=\"hidden\" name=\"wpforms[id]\" value=\"5978\"><input type=\"hidden\" name=\"page_title\" value=\"\"><input type=\"hidden\" name=\"page_url\" value=\"https:\/\/platinumatlanticrealty.com\/pt-br\/wp-json\/wp\/v2\/pages\/8930\"><input type=\"hidden\" name=\"url_referer\" value=\"\"><button type=\"submit\" name=\"wpforms[submit]\" id=\"wpforms-submit-5978\" class=\"wpforms-submit\" data-alt-text=\"Enviando...\" data-submit-text=\"Mandar\" aria-live=\"assertive\" value=\"wpforms-submit\">Mandar<\/button><\/div><\/form><\/div>  <!-- .wpforms-container -->\n<\/div><\/div>","protected":false},"excerpt":{"rendered":"<p>Os agentes Platinum s\u00e3o treinados para ouvir suas necessidades e desejos e ajud\u00e1-lo a encontrar a casa mais adequada para voc\u00ea ou a vender sua casa com o maior retorno poss\u00edvel. A principal vantagem que voc\u00ea recebe quando trabalha com a Platinum Realty \u00e9 a integridade. Nossa equipe possui amplo conhecimento do mercado e faz &#8230; <a title=\"Nossos servi\u00e7os\" class=\"read-more\" href=\"https:\/\/platinumatlanticrealty.com\/pt-br\/comprando-ou-vendendo\/\" aria-label=\"Read more about Nossos servi\u00e7os\">Leia mais<\/a><\/p>\n","protected":false},"author":1,"featured_media":25034,"parent":0,"menu_order":0,"comment_status":"closed","ping_status":"closed","template":"","meta":{"footnotes":""},"class_list":["post-8930","page","type-page","status-publish","has-post-thumbnail"],"yoast_head":"<!-- This site is optimized with the Yoast SEO plugin v27.4 - https:\/\/yoast.com\/product\/yoast-seo-wordpress\/ -->\n<title>Nossos servi\u00e7os - Platinum Atlantic Realty<\/title>\n<meta name=\"robots\" content=\"index, follow, max-snippet:-1, max-image-preview:large, max-video-preview:-1\" \/>\n<link rel=\"canonical\" href=\"https:\/\/platinumatlanticrealty.com\/pt-br\/comprando-ou-vendendo\/\" \/>\n<meta property=\"og:locale\" content=\"pt_BR\" \/>\n<meta property=\"og:type\" content=\"article\" \/>\n<meta property=\"og:title\" content=\"Nossos servi\u00e7os - Platinum Atlantic Realty\" \/>\n<meta property=\"og:description\" content=\"Os agentes Platinum s\u00e3o treinados para ouvir suas necessidades e desejos e ajud\u00e1-lo a encontrar a casa mais adequada para voc\u00ea ou a vender sua casa com o maior retorno poss\u00edvel. A principal vantagem que voc\u00ea recebe quando trabalha com a Platinum Realty \u00e9 a integridade. Nossa equipe possui amplo conhecimento do mercado e faz ... Leia mais\" \/>\n<meta property=\"og:url\" content=\"https:\/\/platinumatlanticrealty.com\/pt-br\/comprando-ou-vendendo\/\" \/>\n<meta property=\"og:site_name\" content=\"Platinum Atlantic Realty\" \/>\n<meta property=\"article:publisher\" content=\"https:\/\/www.facebook.com\/pg\/PlatinumAtlanticRealty\" \/>\n<meta property=\"article:modified_time\" content=\"2022-07-26T13:36:05+00:00\" \/>\n<meta property=\"og:image\" content=\"https:\/\/platinumatlanticrealty.com\/wp-content\/uploads\/2022\/06\/1-1024x576.png\" \/>\n\t<meta property=\"og:image:width\" content=\"1024\" \/>\n\t<meta property=\"og:image:height\" content=\"576\" \/>\n\t<meta property=\"og:image:type\" content=\"image\/png\" \/>\n<meta name=\"twitter:card\" content=\"summary_large_image\" \/>\n<meta name=\"twitter:site\" content=\"@platinumarealty\" \/>\n<meta name=\"twitter:label1\" content=\"Est. tempo de leitura\" \/>\n\t<meta name=\"twitter:data1\" content=\"1 minuto\" \/>\n<script type=\"application\/ld+json\" class=\"yoast-schema-graph\">{\"@context\":\"https:\\\/\\\/schema.org\",\"@graph\":[{\"@type\":\"WebPage\",\"@id\":\"https:\\\/\\\/platinumatlanticrealty.com\\\/pt-br\\\/comprando-ou-vendendo\\\/\",\"url\":\"https:\\\/\\\/platinumatlanticrealty.com\\\/pt-br\\\/comprando-ou-vendendo\\\/\",\"name\":\"Nossos servi\u00e7os - Platinum Atlantic Realty\",\"isPartOf\":{\"@id\":\"https:\\\/\\\/platinumatlanticrealty.com\\\/pt-br\\\/#website\"},\"primaryImageOfPage\":{\"@id\":\"https:\\\/\\\/platinumatlanticrealty.com\\\/pt-br\\\/comprando-ou-vendendo\\\/#primaryimage\"},\"image\":{\"@id\":\"https:\\\/\\\/platinumatlanticrealty.com\\\/pt-br\\\/comprando-ou-vendendo\\\/#primaryimage\"},\"thumbnailUrl\":\"https:\\\/\\\/platinumatlanticrealty.com\\\/wp-content\\\/uploads\\\/2022\\\/06\\\/1.png\",\"datePublished\":\"2020-09-10T18:25:09+00:00\",\"dateModified\":\"2022-07-26T13:36:05+00:00\",\"breadcrumb\":{\"@id\":\"https:\\\/\\\/platinumatlanticrealty.com\\\/pt-br\\\/comprando-ou-vendendo\\\/#breadcrumb\"},\"inLanguage\":\"pt-BR\",\"potentialAction\":[{\"@type\":\"ReadAction\",\"target\":[\"https:\\\/\\\/platinumatlanticrealty.com\\\/pt-br\\\/comprando-ou-vendendo\\\/\"]}]},{\"@type\":\"ImageObject\",\"inLanguage\":\"pt-BR\",\"@id\":\"https:\\\/\\\/platinumatlanticrealty.com\\\/pt-br\\\/comprando-ou-vendendo\\\/#primaryimage\",\"url\":\"https:\\\/\\\/platinumatlanticrealty.com\\\/wp-content\\\/uploads\\\/2022\\\/06\\\/1.png\",\"contentUrl\":\"https:\\\/\\\/platinumatlanticrealty.com\\\/wp-content\\\/uploads\\\/2022\\\/06\\\/1.png\",\"width\":1920,\"height\":1080},{\"@type\":\"BreadcrumbList\",\"@id\":\"https:\\\/\\\/platinumatlanticrealty.com\\\/pt-br\\\/comprando-ou-vendendo\\\/#breadcrumb\",\"itemListElement\":[{\"@type\":\"ListItem\",\"position\":1,\"name\":\"Home\",\"item\":\"https:\\\/\\\/platinumatlanticrealty.com\\\/pt-br\\\/\"},{\"@type\":\"ListItem\",\"position\":2,\"name\":\"Nossos servi\u00e7os\"}]},{\"@type\":\"WebSite\",\"@id\":\"https:\\\/\\\/platinumatlanticrealty.com\\\/pt-br\\\/#website\",\"url\":\"https:\\\/\\\/platinumatlanticrealty.com\\\/pt-br\\\/\",\"name\":\"Platinum Atlantic Realty\",\"description\":\"The Platinum Difference\",\"publisher\":{\"@id\":\"https:\\\/\\\/platinumatlanticrealty.com\\\/pt-br\\\/#organization\"},\"potentialAction\":[{\"@type\":\"SearchAction\",\"target\":{\"@type\":\"EntryPoint\",\"urlTemplate\":\"https:\\\/\\\/platinumatlanticrealty.com\\\/pt-br\\\/?s={search_term_string}\"},\"query-input\":{\"@type\":\"PropertyValueSpecification\",\"valueRequired\":true,\"valueName\":\"search_term_string\"}}],\"inLanguage\":\"pt-BR\"},{\"@type\":\"Organization\",\"@id\":\"https:\\\/\\\/platinumatlanticrealty.com\\\/pt-br\\\/#organization\",\"name\":\"Platinum Atlantic Realty\",\"url\":\"https:\\\/\\\/platinumatlanticrealty.com\\\/pt-br\\\/\",\"logo\":{\"@type\":\"ImageObject\",\"inLanguage\":\"pt-BR\",\"@id\":\"https:\\\/\\\/platinumatlanticrealty.com\\\/pt-br\\\/#\\\/schema\\\/logo\\\/image\\\/\",\"url\":\"http:\\\/\\\/platinumatlanticrealty.com\\\/wp-content\\\/uploads\\\/2020\\\/03\\\/platinum-logo-700x120-1.png\",\"contentUrl\":\"http:\\\/\\\/platinumatlanticrealty.com\\\/wp-content\\\/uploads\\\/2020\\\/03\\\/platinum-logo-700x120-1.png\",\"width\":700,\"height\":120,\"caption\":\"Platinum Atlantic Realty\"},\"image\":{\"@id\":\"https:\\\/\\\/platinumatlanticrealty.com\\\/pt-br\\\/#\\\/schema\\\/logo\\\/image\\\/\"},\"sameAs\":[\"https:\\\/\\\/www.facebook.com\\\/pg\\\/PlatinumAtlanticRealty\",\"https:\\\/\\\/x.com\\\/platinumarealty\"]}]}<\/script>\n<!-- \/ Yoast SEO plugin. -->","yoast_head_json":{"title":"Nossos servi\u00e7os - Platinum Atlantic Realty","robots":{"index":"index","follow":"follow","max-snippet":"max-snippet:-1","max-image-preview":"max-image-preview:large","max-video-preview":"max-video-preview:-1"},"canonical":"https:\/\/platinumatlanticrealty.com\/pt-br\/comprando-ou-vendendo\/","og_locale":"pt_BR","og_type":"article","og_title":"Nossos servi\u00e7os - Platinum Atlantic Realty","og_description":"Os agentes Platinum s\u00e3o treinados para ouvir suas necessidades e desejos e ajud\u00e1-lo a encontrar a casa mais adequada para voc\u00ea ou a vender sua casa com o maior retorno poss\u00edvel. A principal vantagem que voc\u00ea recebe quando trabalha com a Platinum Realty \u00e9 a integridade. Nossa equipe possui amplo conhecimento do mercado e faz ... Leia mais","og_url":"https:\/\/platinumatlanticrealty.com\/pt-br\/comprando-ou-vendendo\/","og_site_name":"Platinum Atlantic Realty","article_publisher":"https:\/\/www.facebook.com\/pg\/PlatinumAtlanticRealty","article_modified_time":"2022-07-26T13:36:05+00:00","og_image":[{"width":1024,"height":576,"url":"https:\/\/platinumatlanticrealty.com\/wp-content\/uploads\/2022\/06\/1-1024x576.png","type":"image\/png"}],"twitter_card":"summary_large_image","twitter_site":"@platinumarealty","twitter_misc":{"Est. tempo de leitura":"1 minuto"},"schema":{"@context":"https:\/\/schema.org","@graph":[{"@type":"WebPage","@id":"https:\/\/platinumatlanticrealty.com\/pt-br\/comprando-ou-vendendo\/","url":"https:\/\/platinumatlanticrealty.com\/pt-br\/comprando-ou-vendendo\/","name":"Nossos servi\u00e7os - Platinum Atlantic Realty","isPartOf":{"@id":"https:\/\/platinumatlanticrealty.com\/pt-br\/#website"},"primaryImageOfPage":{"@id":"https:\/\/platinumatlanticrealty.com\/pt-br\/comprando-ou-vendendo\/#primaryimage"},"image":{"@id":"https:\/\/platinumatlanticrealty.com\/pt-br\/comprando-ou-vendendo\/#primaryimage"},"thumbnailUrl":"https:\/\/platinumatlanticrealty.com\/wp-content\/uploads\/2022\/06\/1.png","datePublished":"2020-09-10T18:25:09+00:00","dateModified":"2022-07-26T13:36:05+00:00","breadcrumb":{"@id":"https:\/\/platinumatlanticrealty.com\/pt-br\/comprando-ou-vendendo\/#breadcrumb"},"inLanguage":"pt-BR","potentialAction":[{"@type":"ReadAction","target":["https:\/\/platinumatlanticrealty.com\/pt-br\/comprando-ou-vendendo\/"]}]},{"@type":"ImageObject","inLanguage":"pt-BR","@id":"https:\/\/platinumatlanticrealty.com\/pt-br\/comprando-ou-vendendo\/#primaryimage","url":"https:\/\/platinumatlanticrealty.com\/wp-content\/uploads\/2022\/06\/1.png","contentUrl":"https:\/\/platinumatlanticrealty.com\/wp-content\/uploads\/2022\/06\/1.png","width":1920,"height":1080},{"@type":"BreadcrumbList","@id":"https:\/\/platinumatlanticrealty.com\/pt-br\/comprando-ou-vendendo\/#breadcrumb","itemListElement":[{"@type":"ListItem","position":1,"name":"Home","item":"https:\/\/platinumatlanticrealty.com\/pt-br\/"},{"@type":"ListItem","position":2,"name":"Nossos servi\u00e7os"}]},{"@type":"WebSite","@id":"https:\/\/platinumatlanticrealty.com\/pt-br\/#website","url":"https:\/\/platinumatlanticrealty.com\/pt-br\/","name":"Platinum Atlantic Realty","description":"The Platinum Difference","publisher":{"@id":"https:\/\/platinumatlanticrealty.com\/pt-br\/#organization"},"potentialAction":[{"@type":"SearchAction","target":{"@type":"EntryPoint","urlTemplate":"https:\/\/platinumatlanticrealty.com\/pt-br\/?s={search_term_string}"},"query-input":{"@type":"PropertyValueSpecification","valueRequired":true,"valueName":"search_term_string"}}],"inLanguage":"pt-BR"},{"@type":"Organization","@id":"https:\/\/platinumatlanticrealty.com\/pt-br\/#organization","name":"Platinum Atlantic Realty","url":"https:\/\/platinumatlanticrealty.com\/pt-br\/","logo":{"@type":"ImageObject","inLanguage":"pt-BR","@id":"https:\/\/platinumatlanticrealty.com\/pt-br\/#\/schema\/logo\/image\/","url":"http:\/\/platinumatlanticrealty.com\/wp-content\/uploads\/2020\/03\/platinum-logo-700x120-1.png","contentUrl":"http:\/\/platinumatlanticrealty.com\/wp-content\/uploads\/2020\/03\/platinum-logo-700x120-1.png","width":700,"height":120,"caption":"Platinum Atlantic Realty"},"image":{"@id":"https:\/\/platinumatlanticrealty.com\/pt-br\/#\/schema\/logo\/image\/"},"sameAs":["https:\/\/www.facebook.com\/pg\/PlatinumAtlanticRealty","https:\/\/x.com\/platinumarealty"]}]}},"_links":{"self":[{"href":"https:\/\/platinumatlanticrealty.com\/pt-br\/wp-json\/wp\/v2\/pages\/8930","targetHints":{"allow":["GET"]}}],"collection":[{"href":"https:\/\/platinumatlanticrealty.com\/pt-br\/wp-json\/wp\/v2\/pages"}],"about":[{"href":"https:\/\/platinumatlanticrealty.com\/pt-br\/wp-json\/wp\/v2\/types\/page"}],"author":[{"embeddable":true,"href":"https:\/\/platinumatlanticrealty.com\/pt-br\/wp-json\/wp\/v2\/users\/1"}],"replies":[{"embeddable":true,"href":"https:\/\/platinumatlanticrealty.com\/pt-br\/wp-json\/wp\/v2\/comments?post=8930"}],"version-history":[{"count":5,"href":"https:\/\/platinumatlanticrealty.com\/pt-br\/wp-json\/wp\/v2\/pages\/8930\/revisions"}],"predecessor-version":[{"id":26477,"href":"https:\/\/platinumatlanticrealty.com\/pt-br\/wp-json\/wp\/v2\/pages\/8930\/revisions\/26477"}],"wp:featuredmedia":[{"embeddable":true,"href":"https:\/\/platinumatlanticrealty.com\/pt-br\/wp-json\/wp\/v2\/media\/25034"}],"wp:attachment":[{"href":"https:\/\/platinumatlanticrealty.com\/pt-br\/wp-json\/wp\/v2\/media?parent=8930"}],"curies":[{"name":"wp","href":"https:\/\/api.w.org\/{rel}","templated":true}]}}