{"id":7417,"date":"2020-07-10T10:24:40","date_gmt":"2020-07-10T13:24:40","guid":{"rendered":"http:\/\/platinum.corazzamarketing.ca\/?page_id=7417"},"modified":"2022-07-15T13:02:29","modified_gmt":"2022-07-15T16:02:29","slug":"joignez-vous-a-nous","status":"publish","type":"page","link":"https:\/\/platinumatlanticrealty.com\/fr\/joignez-vous-a-nous\/","title":{"rendered":"Joignez-vous \u00e0 nous"},"content":{"rendered":"<div class=\"gb-container gb-container-77cf4c44\"><div class=\"gb-inside-container\">\n\n<p><strong>Cherchez-vous un endroit o\u00f9 vous pouvez grandir comme agent immobilier? <\/strong>Un endroit sans frais mensuel pour les agents immobiliers? Un endroit o\u00f9 vous pouvez aspirer \u00e0 atteindre vos buts? Si vous avez r\u00e9pondu \u00ab oui \u00bb, l\u2019\u00e9quipe Platinum Realty est pour vous. Contactez-nous aujourd\u2019hui.<\/p>\n\n\n\n<p><strong><a href=\"mailto:info@platinumatlanticrealty.com\">Nous envoyer un courriel directement<\/a><\/strong>.<\/p>\n\n\n<div class=\"wpforms-container wpforms-container-full wpforms-block\" id=\"wpforms-5978\"><form id=\"wpforms-form-5978\" class=\"wpforms-validate wpforms-form\" data-formid=\"5978\" method=\"post\" enctype=\"multipart\/form-data\" action=\"\/fr\/wp-json\/wp\/v2\/pages\/7417\" data-token=\"7586fa15265d7b9fa59a2b6da3786b50\" data-token-time=\"1777750285\"><noscript class=\"wpforms-error-noscript\">Veuillez activer JavaScript dans votre navigateur pour remplir ce formulaire.<\/noscript><div class=\"wpforms-field-container\"><div id=\"wpforms-5978-field_0-container\" class=\"wpforms-field wpforms-field-name\" data-field-id=\"0\"><label class=\"wpforms-field-label\">Nom <span class=\"wpforms-required-label\">*<\/span><\/label><div class=\"wpforms-field-row wpforms-field-large\"><div class=\"wpforms-field-row-block wpforms-first wpforms-one-half\"><input type=\"text\" id=\"wpforms-5978-field_0\" class=\"wpforms-field-name-first wpforms-field-required\" name=\"wpforms[fields][0][first]\" required><label for=\"wpforms-5978-field_0\" class=\"wpforms-field-sublabel after\">Pr\u00e9nom<\/label><\/div><div class=\"wpforms-field-row-block wpforms-one-half\"><input type=\"text\" id=\"wpforms-5978-field_0-last\" class=\"wpforms-field-name-last wpforms-field-required\" name=\"wpforms[fields][0][last]\" required><label for=\"wpforms-5978-field_0-last\" class=\"wpforms-field-sublabel after\">Nom<\/label><\/div><\/div><\/div><div id=\"wpforms-5978-field_1-container\" class=\"wpforms-field wpforms-field-email\" data-field-id=\"1\"><label class=\"wpforms-field-label\" for=\"wpforms-5978-field_1\">E-mail <span class=\"wpforms-required-label\">*<\/span><\/label><input type=\"email\" id=\"wpforms-5978-field_1\" class=\"wpforms-field-large wpforms-field-required\" name=\"wpforms[fields][1]\" spellcheck=\"false\" required><\/div><\/div><!-- .wpforms-field-container --><div class=\"wpforms-field wpforms-field-hp\"><label for=\"wpforms-5978-field-hp\" class=\"wpforms-field-label\">Name<\/label><input type=\"text\" name=\"wpforms[hp]\" id=\"wpforms-5978-field-hp\" class=\"wpforms-field-medium\"><\/div><div class=\"wpforms-submit-container\" ><input type=\"hidden\" name=\"wpforms[id]\" value=\"5978\"><input type=\"hidden\" name=\"page_title\" value=\"\"><input type=\"hidden\" name=\"page_url\" value=\"https:\/\/platinumatlanticrealty.com\/fr\/wp-json\/wp\/v2\/pages\/7417\"><input type=\"hidden\" name=\"url_referer\" value=\"\"><button type=\"submit\" name=\"wpforms[submit]\" id=\"wpforms-submit-5978\" class=\"wpforms-submit\" data-alt-text=\"Envoi...\" data-submit-text=\"Soumettre\" aria-live=\"assertive\" value=\"wpforms-submit\">Soumettre<\/button><\/div><\/form><\/div>  <!-- .wpforms-container -->\n<\/div><\/div>","protected":false},"excerpt":{"rendered":"<p>Cherchez-vous un endroit o\u00f9 vous pouvez grandir comme agent immobilier? Un endroit sans frais mensuel pour les agents immobiliers? Un endroit o\u00f9 vous pouvez aspirer \u00e0 atteindre vos buts? Si vous avez r\u00e9pondu \u00ab oui \u00bb, l\u2019\u00e9quipe Platinum Realty est pour vous. Contactez-nous aujourd\u2019hui. Nous envoyer un courriel directement.<\/p>\n","protected":false},"author":1,"featured_media":25025,"parent":0,"menu_order":0,"comment_status":"closed","ping_status":"closed","template":"","meta":{"footnotes":""},"class_list":["post-7417","page","type-page","status-publish","has-post-thumbnail"],"yoast_head":"<!-- This site is optimized with the Yoast SEO plugin v27.4 - https:\/\/yoast.com\/product\/yoast-seo-wordpress\/ -->\n<title>Joignez-vous \u00e0 nous - Platinum Atlantic Realty<\/title>\n<meta name=\"robots\" content=\"index, follow, max-snippet:-1, max-image-preview:large, max-video-preview:-1\" \/>\n<link rel=\"canonical\" href=\"https:\/\/platinumatlanticrealty.com\/fr\/joignez-vous-a-nous\/\" \/>\n<meta property=\"og:locale\" content=\"fr_FR\" \/>\n<meta property=\"og:type\" content=\"article\" \/>\n<meta property=\"og:title\" content=\"Joignez-vous \u00e0 nous - Platinum Atlantic Realty\" \/>\n<meta property=\"og:description\" content=\"Cherchez-vous un endroit o\u00f9 vous pouvez grandir comme agent immobilier? Un endroit sans frais mensuel pour les agents immobiliers? Un endroit o\u00f9 vous pouvez aspirer \u00e0 atteindre vos buts? Si vous avez r\u00e9pondu \u00ab oui \u00bb, l\u2019\u00e9quipe Platinum Realty est pour vous. Contactez-nous aujourd\u2019hui. Nous envoyer un courriel directement.\" \/>\n<meta property=\"og:url\" content=\"https:\/\/platinumatlanticrealty.com\/fr\/joignez-vous-a-nous\/\" \/>\n<meta property=\"og:site_name\" content=\"Platinum Atlantic Realty\" \/>\n<meta property=\"article:publisher\" content=\"https:\/\/www.facebook.com\/pg\/PlatinumAtlanticRealty\" \/>\n<meta property=\"article:modified_time\" content=\"2022-07-15T16:02:29+00:00\" \/>\n<meta property=\"og:image\" content=\"https:\/\/platinumatlanticrealty.com\/wp-content\/uploads\/2022\/06\/PAR_18380.jpg\" \/>\n\t<meta property=\"og:image:width\" content=\"1860\" \/>\n\t<meta property=\"og:image:height\" content=\"920\" \/>\n\t<meta property=\"og:image:type\" content=\"image\/jpeg\" \/>\n<meta name=\"twitter:card\" content=\"summary_large_image\" \/>\n<meta name=\"twitter:site\" content=\"@platinumarealty\" \/>\n<script type=\"application\/ld+json\" class=\"yoast-schema-graph\">{\"@context\":\"https:\\\/\\\/schema.org\",\"@graph\":[{\"@type\":\"WebPage\",\"@id\":\"https:\\\/\\\/platinumatlanticrealty.com\\\/fr\\\/joignez-vous-a-nous\\\/\",\"url\":\"https:\\\/\\\/platinumatlanticrealty.com\\\/fr\\\/joignez-vous-a-nous\\\/\",\"name\":\"Joignez-vous \u00e0 nous - Platinum Atlantic Realty\",\"isPartOf\":{\"@id\":\"https:\\\/\\\/platinumatlanticrealty.com\\\/fr\\\/#website\"},\"primaryImageOfPage\":{\"@id\":\"https:\\\/\\\/platinumatlanticrealty.com\\\/fr\\\/joignez-vous-a-nous\\\/#primaryimage\"},\"image\":{\"@id\":\"https:\\\/\\\/platinumatlanticrealty.com\\\/fr\\\/joignez-vous-a-nous\\\/#primaryimage\"},\"thumbnailUrl\":\"https:\\\/\\\/platinumatlanticrealty.com\\\/wp-content\\\/uploads\\\/2022\\\/06\\\/PAR_18380.jpg\",\"datePublished\":\"2020-07-10T13:24:40+00:00\",\"dateModified\":\"2022-07-15T16:02:29+00:00\",\"breadcrumb\":{\"@id\":\"https:\\\/\\\/platinumatlanticrealty.com\\\/fr\\\/joignez-vous-a-nous\\\/#breadcrumb\"},\"inLanguage\":\"fr-FR\",\"potentialAction\":[{\"@type\":\"ReadAction\",\"target\":[\"https:\\\/\\\/platinumatlanticrealty.com\\\/fr\\\/joignez-vous-a-nous\\\/\"]}]},{\"@type\":\"ImageObject\",\"inLanguage\":\"fr-FR\",\"@id\":\"https:\\\/\\\/platinumatlanticrealty.com\\\/fr\\\/joignez-vous-a-nous\\\/#primaryimage\",\"url\":\"https:\\\/\\\/platinumatlanticrealty.com\\\/wp-content\\\/uploads\\\/2022\\\/06\\\/PAR_18380.jpg\",\"contentUrl\":\"https:\\\/\\\/platinumatlanticrealty.com\\\/wp-content\\\/uploads\\\/2022\\\/06\\\/PAR_18380.jpg\",\"width\":1860,\"height\":920},{\"@type\":\"BreadcrumbList\",\"@id\":\"https:\\\/\\\/platinumatlanticrealty.com\\\/fr\\\/joignez-vous-a-nous\\\/#breadcrumb\",\"itemListElement\":[{\"@type\":\"ListItem\",\"position\":1,\"name\":\"Home\",\"item\":\"https:\\\/\\\/platinumatlanticrealty.com\\\/fr\\\/\"},{\"@type\":\"ListItem\",\"position\":2,\"name\":\"Joignez-vous \u00e0 nous\"}]},{\"@type\":\"WebSite\",\"@id\":\"https:\\\/\\\/platinumatlanticrealty.com\\\/fr\\\/#website\",\"url\":\"https:\\\/\\\/platinumatlanticrealty.com\\\/fr\\\/\",\"name\":\"Platinum Atlantic Realty\",\"description\":\"The Platinum Difference\",\"publisher\":{\"@id\":\"https:\\\/\\\/platinumatlanticrealty.com\\\/fr\\\/#organization\"},\"potentialAction\":[{\"@type\":\"SearchAction\",\"target\":{\"@type\":\"EntryPoint\",\"urlTemplate\":\"https:\\\/\\\/platinumatlanticrealty.com\\\/fr\\\/?s={search_term_string}\"},\"query-input\":{\"@type\":\"PropertyValueSpecification\",\"valueRequired\":true,\"valueName\":\"search_term_string\"}}],\"inLanguage\":\"fr-FR\"},{\"@type\":\"Organization\",\"@id\":\"https:\\\/\\\/platinumatlanticrealty.com\\\/fr\\\/#organization\",\"name\":\"Platinum Atlantic Realty\",\"url\":\"https:\\\/\\\/platinumatlanticrealty.com\\\/fr\\\/\",\"logo\":{\"@type\":\"ImageObject\",\"inLanguage\":\"fr-FR\",\"@id\":\"https:\\\/\\\/platinumatlanticrealty.com\\\/fr\\\/#\\\/schema\\\/logo\\\/image\\\/\",\"url\":\"http:\\\/\\\/platinumatlanticrealty.com\\\/wp-content\\\/uploads\\\/2020\\\/03\\\/platinum-logo-700x120-1.png\",\"contentUrl\":\"http:\\\/\\\/platinumatlanticrealty.com\\\/wp-content\\\/uploads\\\/2020\\\/03\\\/platinum-logo-700x120-1.png\",\"width\":700,\"height\":120,\"caption\":\"Platinum Atlantic Realty\"},\"image\":{\"@id\":\"https:\\\/\\\/platinumatlanticrealty.com\\\/fr\\\/#\\\/schema\\\/logo\\\/image\\\/\"},\"sameAs\":[\"https:\\\/\\\/www.facebook.com\\\/pg\\\/PlatinumAtlanticRealty\",\"https:\\\/\\\/x.com\\\/platinumarealty\"]}]}<\/script>\n<!-- \/ Yoast SEO plugin. -->","yoast_head_json":{"title":"Joignez-vous \u00e0 nous - Platinum Atlantic Realty","robots":{"index":"index","follow":"follow","max-snippet":"max-snippet:-1","max-image-preview":"max-image-preview:large","max-video-preview":"max-video-preview:-1"},"canonical":"https:\/\/platinumatlanticrealty.com\/fr\/joignez-vous-a-nous\/","og_locale":"fr_FR","og_type":"article","og_title":"Joignez-vous \u00e0 nous - Platinum Atlantic Realty","og_description":"Cherchez-vous un endroit o\u00f9 vous pouvez grandir comme agent immobilier? Un endroit sans frais mensuel pour les agents immobiliers? Un endroit o\u00f9 vous pouvez aspirer \u00e0 atteindre vos buts? Si vous avez r\u00e9pondu \u00ab oui \u00bb, l\u2019\u00e9quipe Platinum Realty est pour vous. Contactez-nous aujourd\u2019hui. Nous envoyer un courriel directement.","og_url":"https:\/\/platinumatlanticrealty.com\/fr\/joignez-vous-a-nous\/","og_site_name":"Platinum Atlantic Realty","article_publisher":"https:\/\/www.facebook.com\/pg\/PlatinumAtlanticRealty","article_modified_time":"2022-07-15T16:02:29+00:00","og_image":[{"width":1860,"height":920,"url":"https:\/\/platinumatlanticrealty.com\/wp-content\/uploads\/2022\/06\/PAR_18380.jpg","type":"image\/jpeg"}],"twitter_card":"summary_large_image","twitter_site":"@platinumarealty","schema":{"@context":"https:\/\/schema.org","@graph":[{"@type":"WebPage","@id":"https:\/\/platinumatlanticrealty.com\/fr\/joignez-vous-a-nous\/","url":"https:\/\/platinumatlanticrealty.com\/fr\/joignez-vous-a-nous\/","name":"Joignez-vous \u00e0 nous - Platinum Atlantic Realty","isPartOf":{"@id":"https:\/\/platinumatlanticrealty.com\/fr\/#website"},"primaryImageOfPage":{"@id":"https:\/\/platinumatlanticrealty.com\/fr\/joignez-vous-a-nous\/#primaryimage"},"image":{"@id":"https:\/\/platinumatlanticrealty.com\/fr\/joignez-vous-a-nous\/#primaryimage"},"thumbnailUrl":"https:\/\/platinumatlanticrealty.com\/wp-content\/uploads\/2022\/06\/PAR_18380.jpg","datePublished":"2020-07-10T13:24:40+00:00","dateModified":"2022-07-15T16:02:29+00:00","breadcrumb":{"@id":"https:\/\/platinumatlanticrealty.com\/fr\/joignez-vous-a-nous\/#breadcrumb"},"inLanguage":"fr-FR","potentialAction":[{"@type":"ReadAction","target":["https:\/\/platinumatlanticrealty.com\/fr\/joignez-vous-a-nous\/"]}]},{"@type":"ImageObject","inLanguage":"fr-FR","@id":"https:\/\/platinumatlanticrealty.com\/fr\/joignez-vous-a-nous\/#primaryimage","url":"https:\/\/platinumatlanticrealty.com\/wp-content\/uploads\/2022\/06\/PAR_18380.jpg","contentUrl":"https:\/\/platinumatlanticrealty.com\/wp-content\/uploads\/2022\/06\/PAR_18380.jpg","width":1860,"height":920},{"@type":"BreadcrumbList","@id":"https:\/\/platinumatlanticrealty.com\/fr\/joignez-vous-a-nous\/#breadcrumb","itemListElement":[{"@type":"ListItem","position":1,"name":"Home","item":"https:\/\/platinumatlanticrealty.com\/fr\/"},{"@type":"ListItem","position":2,"name":"Joignez-vous \u00e0 nous"}]},{"@type":"WebSite","@id":"https:\/\/platinumatlanticrealty.com\/fr\/#website","url":"https:\/\/platinumatlanticrealty.com\/fr\/","name":"Platinum Atlantic Realty","description":"The Platinum Difference","publisher":{"@id":"https:\/\/platinumatlanticrealty.com\/fr\/#organization"},"potentialAction":[{"@type":"SearchAction","target":{"@type":"EntryPoint","urlTemplate":"https:\/\/platinumatlanticrealty.com\/fr\/?s={search_term_string}"},"query-input":{"@type":"PropertyValueSpecification","valueRequired":true,"valueName":"search_term_string"}}],"inLanguage":"fr-FR"},{"@type":"Organization","@id":"https:\/\/platinumatlanticrealty.com\/fr\/#organization","name":"Platinum Atlantic Realty","url":"https:\/\/platinumatlanticrealty.com\/fr\/","logo":{"@type":"ImageObject","inLanguage":"fr-FR","@id":"https:\/\/platinumatlanticrealty.com\/fr\/#\/schema\/logo\/image\/","url":"http:\/\/platinumatlanticrealty.com\/wp-content\/uploads\/2020\/03\/platinum-logo-700x120-1.png","contentUrl":"http:\/\/platinumatlanticrealty.com\/wp-content\/uploads\/2020\/03\/platinum-logo-700x120-1.png","width":700,"height":120,"caption":"Platinum Atlantic Realty"},"image":{"@id":"https:\/\/platinumatlanticrealty.com\/fr\/#\/schema\/logo\/image\/"},"sameAs":["https:\/\/www.facebook.com\/pg\/PlatinumAtlanticRealty","https:\/\/x.com\/platinumarealty"]}]}},"_links":{"self":[{"href":"https:\/\/platinumatlanticrealty.com\/fr\/wp-json\/wp\/v2\/pages\/7417","targetHints":{"allow":["GET"]}}],"collection":[{"href":"https:\/\/platinumatlanticrealty.com\/fr\/wp-json\/wp\/v2\/pages"}],"about":[{"href":"https:\/\/platinumatlanticrealty.com\/fr\/wp-json\/wp\/v2\/types\/page"}],"author":[{"embeddable":true,"href":"https:\/\/platinumatlanticrealty.com\/fr\/wp-json\/wp\/v2\/users\/1"}],"replies":[{"embeddable":true,"href":"https:\/\/platinumatlanticrealty.com\/fr\/wp-json\/wp\/v2\/comments?post=7417"}],"version-history":[{"count":5,"href":"https:\/\/platinumatlanticrealty.com\/fr\/wp-json\/wp\/v2\/pages\/7417\/revisions"}],"predecessor-version":[{"id":26208,"href":"https:\/\/platinumatlanticrealty.com\/fr\/wp-json\/wp\/v2\/pages\/7417\/revisions\/26208"}],"wp:featuredmedia":[{"embeddable":true,"href":"https:\/\/platinumatlanticrealty.com\/fr\/wp-json\/wp\/v2\/media\/25025"}],"wp:attachment":[{"href":"https:\/\/platinumatlanticrealty.com\/fr\/wp-json\/wp\/v2\/media?parent=7417"}],"curies":[{"name":"wp","href":"https:\/\/api.w.org\/{rel}","templated":true}]}}