{"id":7414,"date":"2020-07-10T10:21:23","date_gmt":"2020-07-10T13:21:23","guid":{"rendered":"http:\/\/platinum.corazzamarketing.ca\/?page_id=7414"},"modified":"2022-07-26T10:35:50","modified_gmt":"2022-07-26T13:35:50","slug":"acheter-ou-vendre","status":"publish","type":"page","link":"https:\/\/platinumatlanticrealty.com\/fr\/acheter-ou-vendre\/","title":{"rendered":"Nos services"},"content":{"rendered":"<div class=\"gb-container gb-container-2e9645f4\"><div class=\"gb-inside-container\">\n\n<p>Les agents immobiliers Platinum sont form\u00e9s pour \u00e9couter vos besoins et vos d\u00e9sirs et vous aider \u00e0 trouver la maison qui vous convient le mieux ou vendre votre maison avec un rendement financier le plus \u00e9lev\u00e9 possible. L\u2019atout num\u00e9ro un que vous recevez lorsque vous travaillez avec Platinum Realty est l\u2019int\u00e9grit\u00e9. Notre \u00e9quipe a une connaissance approfondie du march\u00e9 et fait ses devoirs.<\/p>\n\n\n\n<p><strong>Nous vous aiderons \u00e0 vendre votre maison actuelle ou \u00e0 trouver la maison de vos r\u00eaves rapidement et sans stress.<\/strong> Acheter une propri\u00e9t\u00e9 est l\u2019une des plus grandes d\u00e9cisions de la vie et des aventures les plus excitantes. Nous vous guiderons \u00e0 travers le processus d\u2019achat afin que vous soyez bien inform\u00e9 avant de prendre cette grande d\u00e9cision. Nous vous guiderons, \u00e9tape par \u00e9tape, sur la fa\u00e7on de pr\u00e9parer votre maison pour la vendre.&#13;\n&#13;\n<\/p>\n\n\n\n<h2 class=\"gb-headline gb-headline-ee6ab7dd gb-headline-text\">Nos partenaires<\/h2>\r\n\n\n\n<p>Nous sommes plus qu&rsquo;une simple soci\u00e9t\u00e9 immobili\u00e8re; nous sommes le partenaire de nos clients du d\u00e9but \u00e0 la fin lorsqu&rsquo;il s&rsquo;agit d&rsquo;atteindre leurs objectifs immobiliers &#8211; et nous pouvons y arriver sous un m\u00eame toit.<\/p>\n\n<\/div><\/div><div class=\"gb-container gb-container-68a4f2d6\"><div class=\"gb-inside-container\">\n<div class=\"gb-grid-wrapper gb-grid-wrapper-30b082a6\">\n<div class=\"gb-grid-column gb-grid-column-451b35a8\"><div class=\"gb-container gb-container-451b35a8\"><div class=\"gb-inside-container\">\n\n<figure class=\"gb-block-image gb-block-image-adc40faa\"><a href=\"https:\/\/www.casahouse.ca\" target=\"_blank\" rel=\"noopener noreferrer\"><img loading=\"lazy\" decoding=\"async\" width=\"150\" height=\"32\" class=\"gb-image gb-image-adc40faa\" src=\"http:\/\/platinumatlanticrealty.com\/wp-content\/uploads\/2020\/06\/Casa-Homes-Logo-e1591980570395.png\" alt=\"\" title=\"Casa Homes Logo\"\/><\/a><\/figure>\r\n\n\n\n<p class=\"gb-headline gb-headline-3419c26f gb-headline-text\">Cherchez-vous \u00e0 construire la maison de vos r\u00eaves plut\u00f4t que d\u2019acheter? Nos clients ont un acc\u00e8s imm\u00e9diat \u00e0 notre \u00e9quipe interne de construction de maison, Maison CASA. Maison CASA est appartenu et est g\u00e9r\u00e9 par un membre de notre \u00e9quipe, Jesus Machado.<\/p>\r\n\n\n\n<p class=\"gb-headline gb-headline-7eaa4387 gb-headline-text\"><a href=\"https:\/\/www.casahouse.ca\" target=\"_blank\" rel=\"noreferrer noopener\">www.casahouse.ca<\/a><\/p>\r\n\n<\/div><\/div><\/div>\n\n<div class=\"gb-grid-column gb-grid-column-b71a0d58\"><div class=\"gb-container gb-container-b71a0d58\"><div class=\"gb-inside-container\">\n\n<figure class=\"gb-block-image gb-block-image-8ad7de32\"><a href=\"https:\/\/www.collierscanada.com\/en-ca\/canada\/cities\/moncton\" target=\"_blank\" rel=\"noopener noreferrer\"><img loading=\"lazy\" decoding=\"async\" width=\"150\" height=\"86\" class=\"gb-image gb-image-8ad7de32\" src=\"http:\/\/platinumatlanticrealty.com\/wp-content\/uploads\/2020\/06\/ColliersNB-Logo-e1591980591764.png\" alt=\"\" title=\"ColliersNB Logo\"\/><\/a><\/figure>\r\n\n\n\n<p class=\"gb-headline gb-headline-61e6644b gb-headline-text\">Nous travaillons \u00e9galement en \u00e9troite collaboration avec notre \u00e9quipe immobili\u00e8re commerciale interne, Colliers International Nouveau Brunswick, pour r\u00e9pondre \u00e0 tous les besoins en immobilier commercial pouvant d\u00e9couler de nos clients.<\/p>\r\n\n\n\n<p class=\"gb-headline gb-headline-1240f595 gb-headline-text\"><a rel=\"noreferrer noopener\" href=\"https:\/\/www.collierscanada.com\/en-ca\/canada\/cities\/moncton\" target=\"_blank\">www.collierscanada.com<\/a><\/p>\r\n\n<\/div><\/div><\/div>\n<\/div>\n<\/div><\/div><div class=\"gb-container gb-container-77cf4c44\"><div class=\"gb-inside-container\">\n\n<h2 class=\"gb-headline gb-headline-7d22c165 gb-headline-text\">Contactez-nous<\/h2>\r\n\n\n\n<p><strong><a href=\"mailto:info@platinumatlanticrealty.com\">Nous envoyer un courriel directement<\/a><\/strong>.<\/p>\n\n\n<div class=\"wpforms-container wpforms-container-full wpforms-block\" id=\"wpforms-5978\"><form id=\"wpforms-form-5978\" class=\"wpforms-validate wpforms-form\" data-formid=\"5978\" method=\"post\" enctype=\"multipart\/form-data\" action=\"\/fr\/wp-json\/wp\/v2\/pages\/7414\" data-token=\"7586fa15265d7b9fa59a2b6da3786b50\" data-token-time=\"1777750223\"><noscript class=\"wpforms-error-noscript\">Veuillez activer JavaScript dans votre navigateur pour remplir ce formulaire.<\/noscript><div class=\"wpforms-field-container\"><div id=\"wpforms-5978-field_0-container\" class=\"wpforms-field wpforms-field-name\" data-field-id=\"0\"><label class=\"wpforms-field-label\">Nom <span class=\"wpforms-required-label\">*<\/span><\/label><div class=\"wpforms-field-row wpforms-field-large\"><div class=\"wpforms-field-row-block wpforms-first wpforms-one-half\"><input type=\"text\" id=\"wpforms-5978-field_0\" class=\"wpforms-field-name-first wpforms-field-required\" name=\"wpforms[fields][0][first]\" required><label for=\"wpforms-5978-field_0\" class=\"wpforms-field-sublabel after\">Pr\u00e9nom<\/label><\/div><div class=\"wpforms-field-row-block wpforms-one-half\"><input type=\"text\" id=\"wpforms-5978-field_0-last\" class=\"wpforms-field-name-last wpforms-field-required\" name=\"wpforms[fields][0][last]\" required><label for=\"wpforms-5978-field_0-last\" class=\"wpforms-field-sublabel after\">Nom<\/label><\/div><\/div><\/div><div id=\"wpforms-5978-field_1-container\" class=\"wpforms-field wpforms-field-email\" data-field-id=\"1\"><label class=\"wpforms-field-label\" for=\"wpforms-5978-field_1\">E-mail <span class=\"wpforms-required-label\">*<\/span><\/label><input type=\"email\" id=\"wpforms-5978-field_1\" class=\"wpforms-field-large wpforms-field-required\" name=\"wpforms[fields][1]\" spellcheck=\"false\" required><\/div><\/div><!-- .wpforms-field-container --><div class=\"wpforms-field wpforms-field-hp\"><label for=\"wpforms-5978-field-hp\" class=\"wpforms-field-label\">Comment<\/label><input type=\"text\" name=\"wpforms[hp]\" id=\"wpforms-5978-field-hp\" class=\"wpforms-field-medium\"><\/div><div class=\"wpforms-submit-container\" ><input type=\"hidden\" name=\"wpforms[id]\" value=\"5978\"><input type=\"hidden\" name=\"page_title\" value=\"\"><input type=\"hidden\" name=\"page_url\" value=\"https:\/\/platinumatlanticrealty.com\/fr\/wp-json\/wp\/v2\/pages\/7414\"><input type=\"hidden\" name=\"url_referer\" value=\"\"><button type=\"submit\" name=\"wpforms[submit]\" id=\"wpforms-submit-5978\" class=\"wpforms-submit\" data-alt-text=\"Envoi...\" data-submit-text=\"Soumettre\" aria-live=\"assertive\" value=\"wpforms-submit\">Soumettre<\/button><\/div><\/form><\/div>  <!-- .wpforms-container -->\n<\/div><\/div>","protected":false},"excerpt":{"rendered":"<p>Les agents immobiliers Platinum sont form\u00e9s pour \u00e9couter vos besoins et vos d\u00e9sirs et vous aider \u00e0 trouver la maison qui vous convient le mieux ou vendre votre maison avec un rendement financier le plus \u00e9lev\u00e9 possible. L\u2019atout num\u00e9ro un que vous recevez lorsque vous travaillez avec Platinum Realty est l\u2019int\u00e9grit\u00e9. Notre \u00e9quipe a une &#8230; <a title=\"Nos services\" class=\"read-more\" href=\"https:\/\/platinumatlanticrealty.com\/fr\/acheter-ou-vendre\/\" aria-label=\"En savoir plus sur Nos services\">Lire plus<\/a><\/p>\n","protected":false},"author":1,"featured_media":25033,"parent":0,"menu_order":0,"comment_status":"closed","ping_status":"closed","template":"","meta":{"footnotes":""},"class_list":["post-7414","page","type-page","status-publish","has-post-thumbnail"],"yoast_head":"<!-- This site is optimized with the Yoast SEO plugin v27.4 - https:\/\/yoast.com\/product\/yoast-seo-wordpress\/ -->\n<title>Nos services - Platinum Atlantic Realty<\/title>\n<meta name=\"robots\" content=\"index, follow, max-snippet:-1, max-image-preview:large, max-video-preview:-1\" \/>\n<link rel=\"canonical\" href=\"https:\/\/platinumatlanticrealty.com\/fr\/acheter-ou-vendre\/\" \/>\n<meta property=\"og:locale\" content=\"fr_FR\" \/>\n<meta property=\"og:type\" content=\"article\" \/>\n<meta property=\"og:title\" content=\"Nos services - Platinum Atlantic Realty\" \/>\n<meta property=\"og:description\" content=\"Les agents immobiliers Platinum sont form\u00e9s pour \u00e9couter vos besoins et vos d\u00e9sirs et vous aider \u00e0 trouver la maison qui vous convient le mieux ou vendre votre maison avec un rendement financier le plus \u00e9lev\u00e9 possible. L\u2019atout num\u00e9ro un que vous recevez lorsque vous travaillez avec Platinum Realty est l\u2019int\u00e9grit\u00e9. Notre \u00e9quipe a une ... Lire plus\" \/>\n<meta property=\"og:url\" content=\"https:\/\/platinumatlanticrealty.com\/fr\/acheter-ou-vendre\/\" \/>\n<meta property=\"og:site_name\" content=\"Platinum Atlantic Realty\" \/>\n<meta property=\"article:publisher\" content=\"https:\/\/www.facebook.com\/pg\/PlatinumAtlanticRealty\" \/>\n<meta property=\"article:modified_time\" content=\"2022-07-26T13:35:50+00:00\" \/>\n<meta property=\"og:image\" content=\"https:\/\/platinumatlanticrealty.com\/wp-content\/uploads\/2022\/06\/1-1024x576.png\" \/>\n\t<meta property=\"og:image:width\" content=\"1024\" \/>\n\t<meta property=\"og:image:height\" content=\"576\" \/>\n\t<meta property=\"og:image:type\" content=\"image\/png\" \/>\n<meta name=\"twitter:card\" content=\"summary_large_image\" \/>\n<meta name=\"twitter:site\" content=\"@platinumarealty\" \/>\n<meta name=\"twitter:label1\" content=\"Dur\u00e9e de lecture estim\u00e9e\" \/>\n\t<meta name=\"twitter:data1\" content=\"1 minute\" \/>\n<script type=\"application\/ld+json\" class=\"yoast-schema-graph\">{\"@context\":\"https:\\\/\\\/schema.org\",\"@graph\":[{\"@type\":\"WebPage\",\"@id\":\"https:\\\/\\\/platinumatlanticrealty.com\\\/fr\\\/acheter-ou-vendre\\\/\",\"url\":\"https:\\\/\\\/platinumatlanticrealty.com\\\/fr\\\/acheter-ou-vendre\\\/\",\"name\":\"Nos services - Platinum Atlantic Realty\",\"isPartOf\":{\"@id\":\"https:\\\/\\\/platinumatlanticrealty.com\\\/fr\\\/#website\"},\"primaryImageOfPage\":{\"@id\":\"https:\\\/\\\/platinumatlanticrealty.com\\\/fr\\\/acheter-ou-vendre\\\/#primaryimage\"},\"image\":{\"@id\":\"https:\\\/\\\/platinumatlanticrealty.com\\\/fr\\\/acheter-ou-vendre\\\/#primaryimage\"},\"thumbnailUrl\":\"https:\\\/\\\/platinumatlanticrealty.com\\\/wp-content\\\/uploads\\\/2022\\\/06\\\/1.png\",\"datePublished\":\"2020-07-10T13:21:23+00:00\",\"dateModified\":\"2022-07-26T13:35:50+00:00\",\"breadcrumb\":{\"@id\":\"https:\\\/\\\/platinumatlanticrealty.com\\\/fr\\\/acheter-ou-vendre\\\/#breadcrumb\"},\"inLanguage\":\"fr-FR\",\"potentialAction\":[{\"@type\":\"ReadAction\",\"target\":[\"https:\\\/\\\/platinumatlanticrealty.com\\\/fr\\\/acheter-ou-vendre\\\/\"]}]},{\"@type\":\"ImageObject\",\"inLanguage\":\"fr-FR\",\"@id\":\"https:\\\/\\\/platinumatlanticrealty.com\\\/fr\\\/acheter-ou-vendre\\\/#primaryimage\",\"url\":\"https:\\\/\\\/platinumatlanticrealty.com\\\/wp-content\\\/uploads\\\/2022\\\/06\\\/1.png\",\"contentUrl\":\"https:\\\/\\\/platinumatlanticrealty.com\\\/wp-content\\\/uploads\\\/2022\\\/06\\\/1.png\",\"width\":1920,\"height\":1080},{\"@type\":\"BreadcrumbList\",\"@id\":\"https:\\\/\\\/platinumatlanticrealty.com\\\/fr\\\/acheter-ou-vendre\\\/#breadcrumb\",\"itemListElement\":[{\"@type\":\"ListItem\",\"position\":1,\"name\":\"Home\",\"item\":\"https:\\\/\\\/platinumatlanticrealty.com\\\/fr\\\/\"},{\"@type\":\"ListItem\",\"position\":2,\"name\":\"Nos services\"}]},{\"@type\":\"WebSite\",\"@id\":\"https:\\\/\\\/platinumatlanticrealty.com\\\/fr\\\/#website\",\"url\":\"https:\\\/\\\/platinumatlanticrealty.com\\\/fr\\\/\",\"name\":\"Platinum Atlantic Realty\",\"description\":\"The Platinum Difference\",\"publisher\":{\"@id\":\"https:\\\/\\\/platinumatlanticrealty.com\\\/fr\\\/#organization\"},\"potentialAction\":[{\"@type\":\"SearchAction\",\"target\":{\"@type\":\"EntryPoint\",\"urlTemplate\":\"https:\\\/\\\/platinumatlanticrealty.com\\\/fr\\\/?s={search_term_string}\"},\"query-input\":{\"@type\":\"PropertyValueSpecification\",\"valueRequired\":true,\"valueName\":\"search_term_string\"}}],\"inLanguage\":\"fr-FR\"},{\"@type\":\"Organization\",\"@id\":\"https:\\\/\\\/platinumatlanticrealty.com\\\/fr\\\/#organization\",\"name\":\"Platinum Atlantic Realty\",\"url\":\"https:\\\/\\\/platinumatlanticrealty.com\\\/fr\\\/\",\"logo\":{\"@type\":\"ImageObject\",\"inLanguage\":\"fr-FR\",\"@id\":\"https:\\\/\\\/platinumatlanticrealty.com\\\/fr\\\/#\\\/schema\\\/logo\\\/image\\\/\",\"url\":\"http:\\\/\\\/platinumatlanticrealty.com\\\/wp-content\\\/uploads\\\/2020\\\/03\\\/platinum-logo-700x120-1.png\",\"contentUrl\":\"http:\\\/\\\/platinumatlanticrealty.com\\\/wp-content\\\/uploads\\\/2020\\\/03\\\/platinum-logo-700x120-1.png\",\"width\":700,\"height\":120,\"caption\":\"Platinum Atlantic Realty\"},\"image\":{\"@id\":\"https:\\\/\\\/platinumatlanticrealty.com\\\/fr\\\/#\\\/schema\\\/logo\\\/image\\\/\"},\"sameAs\":[\"https:\\\/\\\/www.facebook.com\\\/pg\\\/PlatinumAtlanticRealty\",\"https:\\\/\\\/x.com\\\/platinumarealty\"]}]}<\/script>\n<!-- \/ Yoast SEO plugin. -->","yoast_head_json":{"title":"Nos services - Platinum Atlantic Realty","robots":{"index":"index","follow":"follow","max-snippet":"max-snippet:-1","max-image-preview":"max-image-preview:large","max-video-preview":"max-video-preview:-1"},"canonical":"https:\/\/platinumatlanticrealty.com\/fr\/acheter-ou-vendre\/","og_locale":"fr_FR","og_type":"article","og_title":"Nos services - Platinum Atlantic Realty","og_description":"Les agents immobiliers Platinum sont form\u00e9s pour \u00e9couter vos besoins et vos d\u00e9sirs et vous aider \u00e0 trouver la maison qui vous convient le mieux ou vendre votre maison avec un rendement financier le plus \u00e9lev\u00e9 possible. L\u2019atout num\u00e9ro un que vous recevez lorsque vous travaillez avec Platinum Realty est l\u2019int\u00e9grit\u00e9. Notre \u00e9quipe a une ... Lire plus","og_url":"https:\/\/platinumatlanticrealty.com\/fr\/acheter-ou-vendre\/","og_site_name":"Platinum Atlantic Realty","article_publisher":"https:\/\/www.facebook.com\/pg\/PlatinumAtlanticRealty","article_modified_time":"2022-07-26T13:35:50+00:00","og_image":[{"width":1024,"height":576,"url":"https:\/\/platinumatlanticrealty.com\/wp-content\/uploads\/2022\/06\/1-1024x576.png","type":"image\/png"}],"twitter_card":"summary_large_image","twitter_site":"@platinumarealty","twitter_misc":{"Dur\u00e9e de lecture estim\u00e9e":"1 minute"},"schema":{"@context":"https:\/\/schema.org","@graph":[{"@type":"WebPage","@id":"https:\/\/platinumatlanticrealty.com\/fr\/acheter-ou-vendre\/","url":"https:\/\/platinumatlanticrealty.com\/fr\/acheter-ou-vendre\/","name":"Nos services - Platinum Atlantic Realty","isPartOf":{"@id":"https:\/\/platinumatlanticrealty.com\/fr\/#website"},"primaryImageOfPage":{"@id":"https:\/\/platinumatlanticrealty.com\/fr\/acheter-ou-vendre\/#primaryimage"},"image":{"@id":"https:\/\/platinumatlanticrealty.com\/fr\/acheter-ou-vendre\/#primaryimage"},"thumbnailUrl":"https:\/\/platinumatlanticrealty.com\/wp-content\/uploads\/2022\/06\/1.png","datePublished":"2020-07-10T13:21:23+00:00","dateModified":"2022-07-26T13:35:50+00:00","breadcrumb":{"@id":"https:\/\/platinumatlanticrealty.com\/fr\/acheter-ou-vendre\/#breadcrumb"},"inLanguage":"fr-FR","potentialAction":[{"@type":"ReadAction","target":["https:\/\/platinumatlanticrealty.com\/fr\/acheter-ou-vendre\/"]}]},{"@type":"ImageObject","inLanguage":"fr-FR","@id":"https:\/\/platinumatlanticrealty.com\/fr\/acheter-ou-vendre\/#primaryimage","url":"https:\/\/platinumatlanticrealty.com\/wp-content\/uploads\/2022\/06\/1.png","contentUrl":"https:\/\/platinumatlanticrealty.com\/wp-content\/uploads\/2022\/06\/1.png","width":1920,"height":1080},{"@type":"BreadcrumbList","@id":"https:\/\/platinumatlanticrealty.com\/fr\/acheter-ou-vendre\/#breadcrumb","itemListElement":[{"@type":"ListItem","position":1,"name":"Home","item":"https:\/\/platinumatlanticrealty.com\/fr\/"},{"@type":"ListItem","position":2,"name":"Nos services"}]},{"@type":"WebSite","@id":"https:\/\/platinumatlanticrealty.com\/fr\/#website","url":"https:\/\/platinumatlanticrealty.com\/fr\/","name":"Platinum Atlantic Realty","description":"The Platinum Difference","publisher":{"@id":"https:\/\/platinumatlanticrealty.com\/fr\/#organization"},"potentialAction":[{"@type":"SearchAction","target":{"@type":"EntryPoint","urlTemplate":"https:\/\/platinumatlanticrealty.com\/fr\/?s={search_term_string}"},"query-input":{"@type":"PropertyValueSpecification","valueRequired":true,"valueName":"search_term_string"}}],"inLanguage":"fr-FR"},{"@type":"Organization","@id":"https:\/\/platinumatlanticrealty.com\/fr\/#organization","name":"Platinum Atlantic Realty","url":"https:\/\/platinumatlanticrealty.com\/fr\/","logo":{"@type":"ImageObject","inLanguage":"fr-FR","@id":"https:\/\/platinumatlanticrealty.com\/fr\/#\/schema\/logo\/image\/","url":"http:\/\/platinumatlanticrealty.com\/wp-content\/uploads\/2020\/03\/platinum-logo-700x120-1.png","contentUrl":"http:\/\/platinumatlanticrealty.com\/wp-content\/uploads\/2020\/03\/platinum-logo-700x120-1.png","width":700,"height":120,"caption":"Platinum Atlantic Realty"},"image":{"@id":"https:\/\/platinumatlanticrealty.com\/fr\/#\/schema\/logo\/image\/"},"sameAs":["https:\/\/www.facebook.com\/pg\/PlatinumAtlanticRealty","https:\/\/x.com\/platinumarealty"]}]}},"_links":{"self":[{"href":"https:\/\/platinumatlanticrealty.com\/fr\/wp-json\/wp\/v2\/pages\/7414","targetHints":{"allow":["GET"]}}],"collection":[{"href":"https:\/\/platinumatlanticrealty.com\/fr\/wp-json\/wp\/v2\/pages"}],"about":[{"href":"https:\/\/platinumatlanticrealty.com\/fr\/wp-json\/wp\/v2\/types\/page"}],"author":[{"embeddable":true,"href":"https:\/\/platinumatlanticrealty.com\/fr\/wp-json\/wp\/v2\/users\/1"}],"replies":[{"embeddable":true,"href":"https:\/\/platinumatlanticrealty.com\/fr\/wp-json\/wp\/v2\/comments?post=7414"}],"version-history":[{"count":5,"href":"https:\/\/platinumatlanticrealty.com\/fr\/wp-json\/wp\/v2\/pages\/7414\/revisions"}],"predecessor-version":[{"id":26476,"href":"https:\/\/platinumatlanticrealty.com\/fr\/wp-json\/wp\/v2\/pages\/7414\/revisions\/26476"}],"wp:featuredmedia":[{"embeddable":true,"href":"https:\/\/platinumatlanticrealty.com\/fr\/wp-json\/wp\/v2\/media\/25033"}],"wp:attachment":[{"href":"https:\/\/platinumatlanticrealty.com\/fr\/wp-json\/wp\/v2\/media?parent=7414"}],"curies":[{"name":"wp","href":"https:\/\/api.w.org\/{rel}","templated":true}]}}