{"id":8932,"date":"2020-09-10T15:25:49","date_gmt":"2020-09-10T18:25:49","guid":{"rendered":"http:\/\/platinumatlanticrealty.com\/dev\/compra-o-venta\/"},"modified":"2022-07-26T10:36:19","modified_gmt":"2022-07-26T13:36:19","slug":"compra-o-venta","status":"publish","type":"page","link":"https:\/\/platinumatlanticrealty.com\/es\/compra-o-venta\/","title":{"rendered":"Nuestros servicios"},"content":{"rendered":"<div class=\"gb-container gb-container-2e9645f4\"><div class=\"gb-inside-container\">\n\n<p>Los profesionales de Platinum est\u00e1n capacitados para escuchar sus necesidades y\/o deseos para ofrecerle soporte especializado de bienes ra\u00edces y poder as\u00ed adquirir la casa m\u00e1s adecuada para usted o en su defecto para ayudarle a vender su casa con el mayor rendimiento posible.  &#13;\n&#13;\nEl beneficio n\u00famero uno que usted recibe cuando escoge  Platinum Realty es la integridad. Nuestro equipo posee un amplio y profundo conocimiento del mercado y cumple a cabalidad con  su trabajo. Le ayudaremos y guiaremos para vender su casa o a encontrar la casa de sus sue\u00f1os de manera r\u00e1pida y sin estr\u00e9s. <\/p>\n\n\n\n<p>Comprar una propiedad es una de las decisiones m\u00e1s importantes en nuestra vida y una de las aventuras m\u00e1s emocionantes. Nosotros le guiaremos paso a paso a trav\u00e9s de este proceso para que est\u00e9 bien informado antes de tomar esta gran decisi\u00f3n. O bien, le guiaremos sobre c\u00f3mo preparar su casa para la venta.<\/p>\n\n\n\n<h2 class=\"gb-headline gb-headline-ee6ab7dd gb-headline-text\">Nuestros profesionales<\/h2>\r\n\n\n\n<p>Somos m\u00e1s que una empresa inmobiliaria m\u00e1s; somos el socio de nuestro cliente de principio a fin cuando se trata de lograr sus objetivos inmobiliarios, y podemos hacerlo realidad bajo un mismo techo.mes to achieving their real estate goals &#8211; and we can make it happen all under one roof. <\/p>\n\n<\/div><\/div><div class=\"gb-container gb-container-68a4f2d6\"><div class=\"gb-inside-container\">\n<div class=\"gb-grid-wrapper gb-grid-wrapper-30b082a6\">\n<div class=\"gb-grid-column gb-grid-column-451b35a8\"><div class=\"gb-container gb-container-451b35a8\"><div class=\"gb-inside-container\">\n\n<figure class=\"gb-block-image gb-block-image-adc40faa\"><a href=\"https:\/\/www.casahouse.ca\" target=\"_blank\" rel=\"noopener noreferrer\"><img loading=\"lazy\" decoding=\"async\" width=\"150\" height=\"32\" class=\"gb-image gb-image-adc40faa\" src=\"http:\/\/platinumatlanticrealty.com\/wp-content\/uploads\/2020\/06\/Casa-Homes-Logo-e1591980570395.png\" alt=\"\" title=\"Casa Homes Logo\"\/><\/a><\/figure>\r\n\n\n\n<p class=\"gb-headline gb-headline-3419c26f gb-headline-text\">\u00bfBusca construir la casa de sus sue\u00f1os en lugar de comprarla? Nuestros clientes tienen acceso inmediato a nuestros profesionales internos de construcci\u00f3n de viviendas, CASA House. CASA House pertenece y est\u00e1 liderado por nuestro miembro del equipo Jes\u00fas Machado.<\/p>\r\n\n\n\n<p class=\"gb-headline gb-headline-7eaa4387 gb-headline-text\"><a href=\"https:\/\/www.casahouse.ca\" target=\"_blank\" rel=\"noreferrer noopener\">www.casahouse.ca<\/a><\/p>\r\n\n<\/div><\/div><\/div>\n\n<div class=\"gb-grid-column gb-grid-column-b71a0d58\"><div class=\"gb-container gb-container-b71a0d58\"><div class=\"gb-inside-container\">\n\n<figure class=\"gb-block-image gb-block-image-8ad7de32\"><a href=\"https:\/\/www.collierscanada.com\/en-ca\/canada\/cities\/moncton\" target=\"_blank\" rel=\"noopener noreferrer\"><img loading=\"lazy\" decoding=\"async\" width=\"150\" height=\"86\" class=\"gb-image gb-image-8ad7de32\" src=\"http:\/\/platinumatlanticrealty.com\/wp-content\/uploads\/2020\/06\/ColliersNB-Logo-e1591980591764.png\" alt=\"\" title=\"ColliersNB Logo\"\/><\/a><\/figure>\r\n\n\n\n<p class=\"gb-headline gb-headline-61e6644b gb-headline-text\">Tambi\u00e9n trabajamos estrechamente con la firma transnacional de bienes ra\u00edces Colliers International New Brunswick, para satisfacer cualquier necesidad de propiedad comercial que puedan requerir nuestros clientes.<\/p>\r\n\n\n\n<p class=\"gb-headline gb-headline-1240f595 gb-headline-text\"><a rel=\"noreferrer noopener\" href=\"https:\/\/www.collierscanada.com\/en-ca\/canada\/cities\/moncton\" target=\"_blank\">www.collierscanada.com<\/a><\/p>\r\n\n<\/div><\/div><\/div>\n<\/div>\n<\/div><\/div><div class=\"gb-container gb-container-77cf4c44\"><div class=\"gb-inside-container\">\n\n<h2 class=\"gb-headline gb-headline-7d22c165 gb-headline-text\">Cont\u00e1ctenos<\/h2>\r\n\n\n\n<p><strong><a href=\"mailto:info@platinumatlanticrealty.com\">\u00bfNo quieres llenar un formulario? Haga clic aqu\u00ed para enviarnos un correo electr\u00f3nico.<\/a><\/strong>.<\/p>\n\n\n<div class=\"wpforms-container wpforms-container-full wpforms-block\" id=\"wpforms-5978\"><form id=\"wpforms-form-5978\" class=\"wpforms-validate wpforms-form\" data-formid=\"5978\" method=\"post\" enctype=\"multipart\/form-data\" action=\"\/es\/wp-json\/wp\/v2\/pages\/8932\" data-token=\"7586fa15265d7b9fa59a2b6da3786b50\" data-token-time=\"1777750284\"><noscript class=\"wpforms-error-noscript\">Por favor, activa JavaScript en tu navegador para completar este formulario.<\/noscript><div class=\"wpforms-field-container\"><div id=\"wpforms-5978-field_0-container\" class=\"wpforms-field wpforms-field-name\" data-field-id=\"0\"><label class=\"wpforms-field-label\">Nombre <span class=\"wpforms-required-label\">*<\/span><\/label><div class=\"wpforms-field-row wpforms-field-large\"><div class=\"wpforms-field-row-block wpforms-first wpforms-one-half\"><input type=\"text\" id=\"wpforms-5978-field_0\" class=\"wpforms-field-name-first wpforms-field-required\" name=\"wpforms[fields][0][first]\" required><label for=\"wpforms-5978-field_0\" class=\"wpforms-field-sublabel after\">Nombre<\/label><\/div><div class=\"wpforms-field-row-block wpforms-one-half\"><input type=\"text\" id=\"wpforms-5978-field_0-last\" class=\"wpforms-field-name-last wpforms-field-required\" name=\"wpforms[fields][0][last]\" required><label for=\"wpforms-5978-field_0-last\" class=\"wpforms-field-sublabel after\">Apellidos<\/label><\/div><\/div><\/div><div id=\"wpforms-5978-field_1-container\" class=\"wpforms-field wpforms-field-email\" data-field-id=\"1\"><label class=\"wpforms-field-label\" for=\"wpforms-5978-field_1\">Email <span class=\"wpforms-required-label\">*<\/span><\/label><input type=\"email\" id=\"wpforms-5978-field_1\" class=\"wpforms-field-large wpforms-field-required\" name=\"wpforms[fields][1]\" spellcheck=\"false\" required><\/div><\/div><!-- .wpforms-field-container --><div class=\"wpforms-field wpforms-field-hp\"><label for=\"wpforms-5978-field-hp\" class=\"wpforms-field-label\">Website<\/label><input type=\"text\" name=\"wpforms[hp]\" id=\"wpforms-5978-field-hp\" class=\"wpforms-field-medium\"><\/div><div class=\"wpforms-submit-container\" ><input type=\"hidden\" name=\"wpforms[id]\" value=\"5978\"><input type=\"hidden\" name=\"page_title\" value=\"\"><input type=\"hidden\" name=\"page_url\" value=\"https:\/\/platinumatlanticrealty.com\/es\/wp-json\/wp\/v2\/pages\/8932\"><input type=\"hidden\" name=\"url_referer\" value=\"\"><button type=\"submit\" name=\"wpforms[submit]\" id=\"wpforms-submit-5978\" class=\"wpforms-submit\" data-alt-text=\"Enviando...\" data-submit-text=\"Enviar\" aria-live=\"assertive\" value=\"wpforms-submit\">Enviar<\/button><\/div><\/form><\/div>  <!-- .wpforms-container -->\n<\/div><\/div>","protected":false},"excerpt":{"rendered":"<p>Los profesionales de Platinum est\u00e1n capacitados para escuchar sus necesidades y\/o deseos para ofrecerle soporte especializado de bienes ra\u00edces y poder as\u00ed adquirir la casa m\u00e1s adecuada para usted o en su defecto para ayudarle a vender su casa con el mayor rendimiento posible. &#13; &#13; El beneficio n\u00famero uno que usted recibe cuando escoge &#8230; <a title=\"Nuestros servicios\" class=\"read-more\" href=\"https:\/\/platinumatlanticrealty.com\/es\/compra-o-venta\/\" aria-label=\"Leer m\u00e1s sobre Nuestros servicios\">Leer m\u00e1s<\/a><\/p>\n","protected":false},"author":1,"featured_media":25035,"parent":0,"menu_order":0,"comment_status":"closed","ping_status":"closed","template":"","meta":{"footnotes":""},"class_list":["post-8932","page","type-page","status-publish","has-post-thumbnail"],"yoast_head":"<!-- This site is optimized with the Yoast SEO plugin v27.4 - https:\/\/yoast.com\/product\/yoast-seo-wordpress\/ -->\n<title>Nuestros servicios - Platinum Atlantic Realty<\/title>\n<meta name=\"robots\" content=\"index, follow, max-snippet:-1, max-image-preview:large, max-video-preview:-1\" \/>\n<link rel=\"canonical\" href=\"https:\/\/platinumatlanticrealty.com\/es\/compra-o-venta\/\" \/>\n<meta property=\"og:locale\" content=\"es_ES\" \/>\n<meta property=\"og:type\" content=\"article\" \/>\n<meta property=\"og:title\" content=\"Nuestros servicios - Platinum Atlantic Realty\" \/>\n<meta property=\"og:description\" content=\"Los profesionales de Platinum est\u00e1n capacitados para escuchar sus necesidades y\/o deseos para ofrecerle soporte especializado de bienes ra\u00edces y poder as\u00ed adquirir la casa m\u00e1s adecuada para usted o en su defecto para ayudarle a vender su casa con el mayor rendimiento posible. &#013; &#013; El beneficio n\u00famero uno que usted recibe cuando escoge ... Leer m\u00e1s\" \/>\n<meta property=\"og:url\" content=\"https:\/\/platinumatlanticrealty.com\/es\/compra-o-venta\/\" \/>\n<meta property=\"og:site_name\" content=\"Platinum Atlantic Realty\" \/>\n<meta property=\"article:publisher\" content=\"https:\/\/www.facebook.com\/pg\/PlatinumAtlanticRealty\" \/>\n<meta property=\"article:modified_time\" content=\"2022-07-26T13:36:19+00:00\" \/>\n<meta property=\"og:image\" content=\"https:\/\/platinumatlanticrealty.com\/wp-content\/uploads\/2022\/06\/1-1024x576.png\" \/>\n\t<meta property=\"og:image:width\" content=\"1024\" \/>\n\t<meta property=\"og:image:height\" content=\"576\" \/>\n\t<meta property=\"og:image:type\" content=\"image\/png\" \/>\n<meta name=\"twitter:card\" content=\"summary_large_image\" \/>\n<meta name=\"twitter:site\" content=\"@platinumarealty\" \/>\n<meta name=\"twitter:label1\" content=\"Tiempo de lectura\" \/>\n\t<meta name=\"twitter:data1\" content=\"1 minuto\" \/>\n<script type=\"application\/ld+json\" class=\"yoast-schema-graph\">{\"@context\":\"https:\\\/\\\/schema.org\",\"@graph\":[{\"@type\":\"WebPage\",\"@id\":\"https:\\\/\\\/platinumatlanticrealty.com\\\/es\\\/compra-o-venta\\\/\",\"url\":\"https:\\\/\\\/platinumatlanticrealty.com\\\/es\\\/compra-o-venta\\\/\",\"name\":\"Nuestros servicios - Platinum Atlantic Realty\",\"isPartOf\":{\"@id\":\"https:\\\/\\\/platinumatlanticrealty.com\\\/es\\\/#website\"},\"primaryImageOfPage\":{\"@id\":\"https:\\\/\\\/platinumatlanticrealty.com\\\/es\\\/compra-o-venta\\\/#primaryimage\"},\"image\":{\"@id\":\"https:\\\/\\\/platinumatlanticrealty.com\\\/es\\\/compra-o-venta\\\/#primaryimage\"},\"thumbnailUrl\":\"https:\\\/\\\/platinumatlanticrealty.com\\\/wp-content\\\/uploads\\\/2022\\\/06\\\/1.png\",\"datePublished\":\"2020-09-10T18:25:49+00:00\",\"dateModified\":\"2022-07-26T13:36:19+00:00\",\"breadcrumb\":{\"@id\":\"https:\\\/\\\/platinumatlanticrealty.com\\\/es\\\/compra-o-venta\\\/#breadcrumb\"},\"inLanguage\":\"es\",\"potentialAction\":[{\"@type\":\"ReadAction\",\"target\":[\"https:\\\/\\\/platinumatlanticrealty.com\\\/es\\\/compra-o-venta\\\/\"]}]},{\"@type\":\"ImageObject\",\"inLanguage\":\"es\",\"@id\":\"https:\\\/\\\/platinumatlanticrealty.com\\\/es\\\/compra-o-venta\\\/#primaryimage\",\"url\":\"https:\\\/\\\/platinumatlanticrealty.com\\\/wp-content\\\/uploads\\\/2022\\\/06\\\/1.png\",\"contentUrl\":\"https:\\\/\\\/platinumatlanticrealty.com\\\/wp-content\\\/uploads\\\/2022\\\/06\\\/1.png\",\"width\":1920,\"height\":1080},{\"@type\":\"BreadcrumbList\",\"@id\":\"https:\\\/\\\/platinumatlanticrealty.com\\\/es\\\/compra-o-venta\\\/#breadcrumb\",\"itemListElement\":[{\"@type\":\"ListItem\",\"position\":1,\"name\":\"Home\",\"item\":\"https:\\\/\\\/platinumatlanticrealty.com\\\/es\\\/\"},{\"@type\":\"ListItem\",\"position\":2,\"name\":\"Nuestros servicios\"}]},{\"@type\":\"WebSite\",\"@id\":\"https:\\\/\\\/platinumatlanticrealty.com\\\/es\\\/#website\",\"url\":\"https:\\\/\\\/platinumatlanticrealty.com\\\/es\\\/\",\"name\":\"Platinum Atlantic Realty\",\"description\":\"The Platinum Difference\",\"publisher\":{\"@id\":\"https:\\\/\\\/platinumatlanticrealty.com\\\/es\\\/#organization\"},\"potentialAction\":[{\"@type\":\"SearchAction\",\"target\":{\"@type\":\"EntryPoint\",\"urlTemplate\":\"https:\\\/\\\/platinumatlanticrealty.com\\\/es\\\/?s={search_term_string}\"},\"query-input\":{\"@type\":\"PropertyValueSpecification\",\"valueRequired\":true,\"valueName\":\"search_term_string\"}}],\"inLanguage\":\"es\"},{\"@type\":\"Organization\",\"@id\":\"https:\\\/\\\/platinumatlanticrealty.com\\\/es\\\/#organization\",\"name\":\"Platinum Atlantic Realty\",\"url\":\"https:\\\/\\\/platinumatlanticrealty.com\\\/es\\\/\",\"logo\":{\"@type\":\"ImageObject\",\"inLanguage\":\"es\",\"@id\":\"https:\\\/\\\/platinumatlanticrealty.com\\\/es\\\/#\\\/schema\\\/logo\\\/image\\\/\",\"url\":\"http:\\\/\\\/platinumatlanticrealty.com\\\/wp-content\\\/uploads\\\/2020\\\/03\\\/platinum-logo-700x120-1.png\",\"contentUrl\":\"http:\\\/\\\/platinumatlanticrealty.com\\\/wp-content\\\/uploads\\\/2020\\\/03\\\/platinum-logo-700x120-1.png\",\"width\":700,\"height\":120,\"caption\":\"Platinum Atlantic Realty\"},\"image\":{\"@id\":\"https:\\\/\\\/platinumatlanticrealty.com\\\/es\\\/#\\\/schema\\\/logo\\\/image\\\/\"},\"sameAs\":[\"https:\\\/\\\/www.facebook.com\\\/pg\\\/PlatinumAtlanticRealty\",\"https:\\\/\\\/x.com\\\/platinumarealty\"]}]}<\/script>\n<!-- \/ Yoast SEO plugin. -->","yoast_head_json":{"title":"Nuestros servicios - Platinum Atlantic Realty","robots":{"index":"index","follow":"follow","max-snippet":"max-snippet:-1","max-image-preview":"max-image-preview:large","max-video-preview":"max-video-preview:-1"},"canonical":"https:\/\/platinumatlanticrealty.com\/es\/compra-o-venta\/","og_locale":"es_ES","og_type":"article","og_title":"Nuestros servicios - Platinum Atlantic Realty","og_description":"Los profesionales de Platinum est\u00e1n capacitados para escuchar sus necesidades y\/o deseos para ofrecerle soporte especializado de bienes ra\u00edces y poder as\u00ed adquirir la casa m\u00e1s adecuada para usted o en su defecto para ayudarle a vender su casa con el mayor rendimiento posible. &#13; &#13; El beneficio n\u00famero uno que usted recibe cuando escoge ... Leer m\u00e1s","og_url":"https:\/\/platinumatlanticrealty.com\/es\/compra-o-venta\/","og_site_name":"Platinum Atlantic Realty","article_publisher":"https:\/\/www.facebook.com\/pg\/PlatinumAtlanticRealty","article_modified_time":"2022-07-26T13:36:19+00:00","og_image":[{"width":1024,"height":576,"url":"https:\/\/platinumatlanticrealty.com\/wp-content\/uploads\/2022\/06\/1-1024x576.png","type":"image\/png"}],"twitter_card":"summary_large_image","twitter_site":"@platinumarealty","twitter_misc":{"Tiempo de lectura":"1 minuto"},"schema":{"@context":"https:\/\/schema.org","@graph":[{"@type":"WebPage","@id":"https:\/\/platinumatlanticrealty.com\/es\/compra-o-venta\/","url":"https:\/\/platinumatlanticrealty.com\/es\/compra-o-venta\/","name":"Nuestros servicios - Platinum Atlantic Realty","isPartOf":{"@id":"https:\/\/platinumatlanticrealty.com\/es\/#website"},"primaryImageOfPage":{"@id":"https:\/\/platinumatlanticrealty.com\/es\/compra-o-venta\/#primaryimage"},"image":{"@id":"https:\/\/platinumatlanticrealty.com\/es\/compra-o-venta\/#primaryimage"},"thumbnailUrl":"https:\/\/platinumatlanticrealty.com\/wp-content\/uploads\/2022\/06\/1.png","datePublished":"2020-09-10T18:25:49+00:00","dateModified":"2022-07-26T13:36:19+00:00","breadcrumb":{"@id":"https:\/\/platinumatlanticrealty.com\/es\/compra-o-venta\/#breadcrumb"},"inLanguage":"es","potentialAction":[{"@type":"ReadAction","target":["https:\/\/platinumatlanticrealty.com\/es\/compra-o-venta\/"]}]},{"@type":"ImageObject","inLanguage":"es","@id":"https:\/\/platinumatlanticrealty.com\/es\/compra-o-venta\/#primaryimage","url":"https:\/\/platinumatlanticrealty.com\/wp-content\/uploads\/2022\/06\/1.png","contentUrl":"https:\/\/platinumatlanticrealty.com\/wp-content\/uploads\/2022\/06\/1.png","width":1920,"height":1080},{"@type":"BreadcrumbList","@id":"https:\/\/platinumatlanticrealty.com\/es\/compra-o-venta\/#breadcrumb","itemListElement":[{"@type":"ListItem","position":1,"name":"Home","item":"https:\/\/platinumatlanticrealty.com\/es\/"},{"@type":"ListItem","position":2,"name":"Nuestros servicios"}]},{"@type":"WebSite","@id":"https:\/\/platinumatlanticrealty.com\/es\/#website","url":"https:\/\/platinumatlanticrealty.com\/es\/","name":"Platinum Atlantic Realty","description":"The Platinum Difference","publisher":{"@id":"https:\/\/platinumatlanticrealty.com\/es\/#organization"},"potentialAction":[{"@type":"SearchAction","target":{"@type":"EntryPoint","urlTemplate":"https:\/\/platinumatlanticrealty.com\/es\/?s={search_term_string}"},"query-input":{"@type":"PropertyValueSpecification","valueRequired":true,"valueName":"search_term_string"}}],"inLanguage":"es"},{"@type":"Organization","@id":"https:\/\/platinumatlanticrealty.com\/es\/#organization","name":"Platinum Atlantic Realty","url":"https:\/\/platinumatlanticrealty.com\/es\/","logo":{"@type":"ImageObject","inLanguage":"es","@id":"https:\/\/platinumatlanticrealty.com\/es\/#\/schema\/logo\/image\/","url":"http:\/\/platinumatlanticrealty.com\/wp-content\/uploads\/2020\/03\/platinum-logo-700x120-1.png","contentUrl":"http:\/\/platinumatlanticrealty.com\/wp-content\/uploads\/2020\/03\/platinum-logo-700x120-1.png","width":700,"height":120,"caption":"Platinum Atlantic Realty"},"image":{"@id":"https:\/\/platinumatlanticrealty.com\/es\/#\/schema\/logo\/image\/"},"sameAs":["https:\/\/www.facebook.com\/pg\/PlatinumAtlanticRealty","https:\/\/x.com\/platinumarealty"]}]}},"_links":{"self":[{"href":"https:\/\/platinumatlanticrealty.com\/es\/wp-json\/wp\/v2\/pages\/8932","targetHints":{"allow":["GET"]}}],"collection":[{"href":"https:\/\/platinumatlanticrealty.com\/es\/wp-json\/wp\/v2\/pages"}],"about":[{"href":"https:\/\/platinumatlanticrealty.com\/es\/wp-json\/wp\/v2\/types\/page"}],"author":[{"embeddable":true,"href":"https:\/\/platinumatlanticrealty.com\/es\/wp-json\/wp\/v2\/users\/1"}],"replies":[{"embeddable":true,"href":"https:\/\/platinumatlanticrealty.com\/es\/wp-json\/wp\/v2\/comments?post=8932"}],"version-history":[{"count":5,"href":"https:\/\/platinumatlanticrealty.com\/es\/wp-json\/wp\/v2\/pages\/8932\/revisions"}],"predecessor-version":[{"id":26478,"href":"https:\/\/platinumatlanticrealty.com\/es\/wp-json\/wp\/v2\/pages\/8932\/revisions\/26478"}],"wp:featuredmedia":[{"embeddable":true,"href":"https:\/\/platinumatlanticrealty.com\/es\/wp-json\/wp\/v2\/media\/25035"}],"wp:attachment":[{"href":"https:\/\/platinumatlanticrealty.com\/es\/wp-json\/wp\/v2\/media?parent=8932"}],"curies":[{"name":"wp","href":"https:\/\/api.w.org\/{rel}","templated":true}]}}